{"id":134,"date":"2014-05-30T12:52:40","date_gmt":"2014-05-30T11:52:40","guid":{"rendered":"http:\/\/localhost:8888\/?page_id=134"},"modified":"2019-09-09T09:24:21","modified_gmt":"2019-09-09T08:24:21","slug":"b-to-c","status":"publish","type":"page","link":"http:\/\/www.artemis-events.fr\/?page_id=134","title":{"rendered":"B to C"},"content":{"rendered":"<\/div><\/div><div class=\"wpb_row vc_row-fluid  mk-fullwidth-true add-padding-0 attched-false\">\n\t<div style=\"\" class=\"vc_span12 wpb_column column_container \">\n\t\t\t<header data-sticky-height=\"91\" class=\"mk-secondary-header sticky-trigger-header  \"><div class=\"mk-grid\"><nav id=\"mk-main-navigation\"><ul id=\"menu-artemis_menu\" class=\"main-navigation-ul\"><li class=\"responsive-nav-link\"><i class=\"mk-theme-icon-responsive\"><\/i><\/li><li class=\"mk-header-logo mobile-menu-exists\"><a href=\"http:\/\/www.artemis-events.fr\/\" title=\"Art\u00e9mis Events | Cr\u00e9ateur de vos \u00e9v\u00e9nements\"><img alt=\"Art\u00e9mis Events | Cr\u00e9ateur de vos \u00e9v\u00e9nements\" class=\"mk-dark-logo\" src=\"http:\/\/www.artemis-events.fr\/wp-content\/uploads\/2014\/05\/Logo_Retina_Artemis_Events.png\" data-retina-src=\"http:\/\/www.artemis-events.fr\/wp-content\/uploads\/2014\/05\/Logo_Retina_Artemis_Events.png\" \/><img alt=\"Art\u00e9mis Events | Cr\u00e9ateur de vos \u00e9v\u00e9nements\" class=\"mk-mobile-logo\" src=\"http:\/\/www.artemis-events.fr\/wp-content\/uploads\/2014\/05\/Logo_Retina_Artemis_Events.png\" data-retina-src=\"http:\/\/www.artemis-events.fr\/wp-content\/uploads\/2014\/05\/Logo_Retina_Artemis_Events.png\" \/><img alt=\"Art\u00e9mis Events | Cr\u00e9ateur de vos \u00e9v\u00e9nements\" class=\"mk-light-logo\" src=\"http:\/\/www.artemis-events.fr\/wp-content\/uploads\/2014\/09\/Logo_Retina_Artemis_Events_light.png\" data-retina-src=\"\" \/><\/a><\/li><li id=\"menu-item-16\" class=\"menu-item menu-item-type-post_type menu-item-object-page menu-item-home\"><a href=\"http:\/\/www.artemis-events.fr\/\">Home<\/a><\/li>\n<li id=\"menu-item-116\" class=\"menu-item menu-item-type-post_type menu-item-object-page menu-item-has-children\"><a href=\"http:\/\/www.artemis-events.fr\/?page_id=92\">Produits<\/a>\n<ul class=\"sub-menu \">\n\t<li id=\"menu-item-151\" class=\"menu-item menu-item-type-post_type menu-item-object-page\"><a href=\"http:\/\/www.artemis-events.fr\/?page_id=140\"><i class=\"mk-theme-icon-next-big\"><\/i>B TO B<\/a><\/li>\n\t<li id=\"menu-item-152\" class=\"menu-item menu-item-type-post_type menu-item-object-page\"><a href=\"http:\/\/www.artemis-events.fr\/?page_id=134\"><i class=\"mk-theme-icon-next-big\"><\/i>B to C<\/a><\/li>\n<\/ul>\n<\/li>\n<li id=\"menu-item-173\" class=\"menu-item menu-item-type-post_type menu-item-object-page\"><a href=\"http:\/\/www.artemis-events.fr\/?page_id=156\">Agence<\/a><\/li>\n<li id=\"menu-item-234\" class=\"menu-item menu-item-type-post_type menu-item-object-page\"><a href=\"http:\/\/www.artemis-events.fr\/?page_id=230\">Portfolio<\/a><\/li>\n<li id=\"menu-item-269\" class=\"menu-item menu-item-type-post_type menu-item-object-page\"><a href=\"http:\/\/www.artemis-events.fr\/?page_id=265\">Nos clients<\/a><\/li>\n<li id=\"menu-item-253\" class=\"menu-item menu-item-type-post_type menu-item-object-page\"><a href=\"http:\/\/www.artemis-events.fr\/?page_id=242\">Contact<\/a><\/li>\n<li class=\"dashboard-trigger res-mode\"><i class=\"mk-theme-icon-dashboard\"><\/i><\/li><li class=\"mk-header-search\">\n\t\t\t<a class=\"header-search-icon\" href=\"#\"><i class=\"mk-icon-search\"><\/i><\/a>\n\t\t<\/li><\/ul><\/nav><form method=\"get\" class=\"header-searchform-input\" action=\"http:\/\/www.artemis-events.fr\">\n            <input class=\"search-ajax-input\" type=\"text\" value=\"\" name=\"s\" id=\"s\" \/>\n            <input value=\"\" type=\"submit\" \/>\n            <a href=\"#\" class=\"header-search-close\"><i class=\"mk-theme-icon-cancel\"><\/i><\/a>\n   \t\t <\/form><\/div><div class=\"dashboard-trigger desktop-mode\"><i class=\"mk-theme-icon-dashboard\"><\/i><\/div><\/header><div style=\"height:91.666666666667px;\" class=\"secondary-header-space\"><\/div><div class=\"responsive-nav-container\"><\/div>\n\t<\/div><\/div><div class=\"theme-page-wrapper full-layout mk-grid vc_row-fluid no-padding\"><div class=\"theme-content no-padding\"><div class=\"clearboth\"><\/div><\/div><\/div><div class=\"page-section-7284 fullwidth-false full-height-false mk-background-stretch  mk-video-holder mk-page-section parallax-true  \" data-center=\"background-position: 50% 0px;\" data-bottom-top=\"background-position: 50% 200px;\" data-top-bottom=\"background-position: 50% -200px;\" data-direction=\"vertical\"><div style=\"background-color:#ffffff;opacity:0.2;\" class=\"mk-section-color-mask\"><\/div><div class=\"mk-grid vc_row-fluid page-section-content\"><div class=\"mk-padding-wrapper\">\n\t<div style=\"\" class=\"vc_span12 wpb_column column_container \">\n\t\t\t<div style=\"font-size: 30px;color: #000000;font-weight:bold;margin-top:0px;margin-bottom:10px;\" id=\"fancy-title-678\" class=\"mk-fancy-text title-box-center  mk-animate-element fade-in  \"><span style=\"background-color:rgba(255,255,255,0.8); box-shadow: 8px 0 0 rgba(255,255,255,0.8), -8px 0 0 rgba(255,255,255,0.8);line-height:50px\">\n<span style=\"color: #0ab6d1;\">B TO C<\/span>\n<\/span><\/div><div class=\"clearboth\"><\/div>\n\t<\/div><\/div><div class=\"clearboth\"><\/div><\/div><div class=\"clearboth\"><\/div><\/div>\n<style type=\"text\/css\">\n.page-section-7284\n{\n    padding:140px 0;\n    background-image:url(http:\/\/www.artemis-events.fr\/wp-content\/uploads\/2014\/05\/photos_produits.jpg); \n    background-attachment:fixed;\n    \n    background-position:center bottom;\n    background-repeat:repeat;\n    \n}\n.page-section-7284 .alt-title span\n{\n\t\n}\n<\/style><div class=\"theme-page-wrapper full-layout mk-grid vc_row-fluid no-padding\"><div class=\"theme-content no-padding\"><div class=\"wpb_row vc_row-fluid  mk-fullwidth-false add-padding-0 attched-false\">\n\t<div style=\"\" class=\"vc_span12 wpb_column column_container \">\n\t\t\t<div class=\"clearboth\"><\/div><div class=\"mk-shortcode mk-padding-shortcode\" style=\"height:40px\"><\/div><div class=\"clearboth\"><\/div><div class=\"mk-text-block  \">\n<p style=\"text-align: center;\">Disponibilit\u00e9 et sens de l\u2019\u00e9coute sont notre priorit\u00e9 pour vous proposer des id\u00e9es novatrices et une organisation sans failles pour votre \u00e9v\u00e9nement.<\/p>\n<div class=\"clearboth\"><\/div><\/div> <div class=\"mk-text-block  \">\n<h5 style=\"text-align: center;\">Street marketing, roadshows, animations shopping, portes ouvertes, partenariats\u2026<\/h5>\n<div class=\"clearboth\"><\/div><\/div> <div class=\"clearboth\"><\/div><div class=\"mk-shortcode mk-padding-shortcode\" style=\"height:60px\"><\/div><div class=\"clearboth\"><\/div>\n\t<\/div><\/div><div class=\"wpb_row vc_row-fluid  mk-fullwidth-false add-padding-0 attched-false\">\n\t<div style=\"\" class=\"vc_span8 wpb_column column_container \">\n\t\t\t<div style=\"max-width:700px;margin-bottom:20px\" class=\"mk-gallery thumb-style \"><div class=\"gallery-thumb-large\"><div id=\"gallery-4577\" class=\"swiper-container mk-swiper-slider\" data-freeModeFluid=\"true\" data-loop=\"false\" data-slidesPerView=\"1\" data-pagination=\"false\" data-freeMode=\"false\" data-mousewheelControl=\"true\" data-direction=\"horizontal\" data-slideshowSpeed=\"6000\" data-animationSpeed=\"600\" data-directionNav=\"true\"><div class=\"swiper-wrapper\"><div class=\"swiper-slide\"><div class=\"featured-image\"><img width=\"700\" height=\"300\" alt=\"unibail_2\" src=\"http:\/\/www.artemis-events.fr\/wp-content\/uploads\/bfi_thumb\/unibail_2-3itfm1971155wummfi86bu.jpg\" \/><\/div><\/div><div class=\"swiper-slide\"><div class=\"featured-image\"><img width=\"700\" height=\"300\" alt=\"unibail_3\" src=\"http:\/\/www.artemis-events.fr\/wp-content\/uploads\/bfi_thumb\/unibail_3-3itfm1971155wummfi86bu.jpg\" \/><\/div><\/div><div class=\"swiper-slide\"><div class=\"featured-image\"><img width=\"700\" height=\"300\" alt=\"unibail_4\" src=\"http:\/\/www.artemis-events.fr\/wp-content\/uploads\/bfi_thumb\/unibail_4-3itfm1dpvbocowdhtdetxm.jpg\" \/><\/div><\/div><div class=\"swiper-slide\"><div class=\"featured-image\"><img width=\"700\" height=\"300\" alt=\"unibail_5\" src=\"http:\/\/www.artemis-events.fr\/wp-content\/uploads\/bfi_thumb\/unibail_5-3itfm1dpvbocowdhtdetxm.jpg\" \/><\/div><\/div><div class=\"swiper-slide\"><div class=\"featured-image\"><img width=\"700\" height=\"300\" alt=\"unibail_6\" src=\"http:\/\/www.artemis-events.fr\/wp-content\/uploads\/bfi_thumb\/unibail_6-3itfm1i8pm7jgy4d78lhje.jpg\" \/><\/div><\/div><div class=\"swiper-slide\"><div class=\"featured-image\"><img width=\"700\" height=\"300\" alt=\"unibail_7\" src=\"http:\/\/www.artemis-events.fr\/wp-content\/uploads\/bfi_thumb\/unibail_7-3itfm1i8pm7jgy4d78lhje.jpg\" \/><\/div><\/div><div class=\"swiper-slide\"><div class=\"featured-image\"><img width=\"700\" height=\"300\" alt=\"unibail_8\" src=\"http:\/\/www.artemis-events.fr\/wp-content\/uploads\/bfi_thumb\/unibail_8-3itfm1mrjwqq8zv8l3s556.jpg\" \/><\/div><\/div><\/div><a class=\"mk-swiper-prev slideshow-swiper-arrows\"><i class=\"mk-theme-icon-prev-big\"><\/i><\/a><a class=\"mk-swiper-next slideshow-swiper-arrows\"><i class=\"mk-theme-icon-next-big\"><\/i><\/a><\/div><\/div><div class=\"gallery-thumbs-small\"><a href=\"#\" class=\"active-item\"><img width=\"100\" height=\"100\" alt=\"unibail_2\" src=\"http:\/\/www.artemis-events.fr\/wp-content\/uploads\/bfi_thumb\/unibail_2-3itfm1961uvtpehmkjbklm.jpg\" \/><\/a><a href=\"#\" class=\"\"><img width=\"100\" height=\"100\" alt=\"unibail_3\" src=\"http:\/\/www.artemis-events.fr\/wp-content\/uploads\/bfi_thumb\/unibail_3-3itfm1961uvtpehmkjbklm.jpg\" \/><\/a><a href=\"#\" class=\"\"><img width=\"100\" height=\"100\" alt=\"unibail_4\" src=\"http:\/\/www.artemis-events.fr\/wp-content\/uploads\/bfi_thumb\/unibail_4-3itfm1dow5f0hg8hyei87e.jpg\" \/><\/a><a href=\"#\" class=\"\"><img width=\"100\" height=\"100\" alt=\"unibail_5\" src=\"http:\/\/www.artemis-events.fr\/wp-content\/uploads\/bfi_thumb\/unibail_5-3itfm1dow5f0hg8hyei87e.jpg\" \/><\/a><a href=\"#\" class=\"\"><img width=\"100\" height=\"100\" alt=\"unibail_6\" src=\"http:\/\/www.artemis-events.fr\/wp-content\/uploads\/bfi_thumb\/unibail_6-3itfm1i7qfy79hzdc9ovt6.jpg\" \/><\/a><a href=\"#\" class=\"\"><img width=\"100\" height=\"100\" alt=\"unibail_7\" src=\"http:\/\/www.artemis-events.fr\/wp-content\/uploads\/bfi_thumb\/unibail_7-3itfm1i7qfy79hzdc9ovt6.jpg\" \/><\/a><a href=\"#\" class=\"\"><img width=\"100\" height=\"100\" alt=\"unibail_8\" src=\"http:\/\/www.artemis-events.fr\/wp-content\/uploads\/bfi_thumb\/unibail_8-3itfm1mqkqhe1jq8q4vjey.jpg\" \/><\/a><\/div><div class=\"clearboth\"><\/div><\/div>\n\t<\/div>\n\t<div style=\"\" class=\"vc_span4 wpb_column column_container \">\n\t\t\t<div class=\"mk-text-block  \">\n<h2>Unibail &#8211; Rodamco &#8211; Westfield<\/h2>\n<div class=\"clearboth\"><\/div><\/div> <div class=\"mk-text-block  \"><b>Les \u00e9v\u00e9nements en Ile-de-France<\/b><br \/>\nOrganisation de plus de 500 \u00e9v\u00e9nements pour 7 centres commerciaux du groupe dont les 4 Temps, Le CNIT, Carr\u00e9 S\u00e9nart ou A\u00e9roville : garderies enfants, showcases d\u2019artistes, animations culinaires, culturelles et sportives.<br \/>\nrs.<div class=\"clearboth\"><\/div><\/div> <div class=\"clearboth\"><\/div><div class=\"mk-shortcode mk-padding-shortcode\" style=\"height:30px\"><\/div><div class=\"clearboth\"><\/div><div class=\"mk-text-block  \"><b>Le challenge<\/b><br \/>\nR\u00e9pondre aux exigences 4 \u00e9toiles des centres commerciaux du groupe, g\u00e9n\u00e9rer du trafic en apportant des \u00e9l\u00e9ments concrets de communication aux centres, pour les relations presse notamment.<div class=\"clearboth\"><\/div><\/div> \n\t<\/div><\/div><div class=\"wpb_row vc_row-fluid  mk-fullwidth-false add-padding-0 attched-false\">\n\t<div style=\"\" class=\"vc_span12 wpb_column column_container \">\n\t\t\t<div class=\"clearboth\"><\/div><div class=\"mk-shortcode mk-padding-shortcode\" style=\"height:60px\"><\/div><div class=\"clearboth\"><\/div>\n\t<\/div><\/div><div class=\"wpb_row vc_row-fluid  mk-fullwidth-false add-padding-0 attched-false\">\n\t<div style=\"\" class=\"vc_span8 wpb_column column_container \">\n\t\t\t<div style=\"max-width:700px;margin-bottom:20px\" class=\"mk-gallery thumb-style \"><div class=\"gallery-thumb-large\"><div id=\"gallery-8495\" class=\"swiper-container mk-swiper-slider\" data-freeModeFluid=\"true\" data-loop=\"false\" data-slidesPerView=\"1\" data-pagination=\"false\" data-freeMode=\"false\" data-mousewheelControl=\"true\" data-direction=\"horizontal\" data-slideshowSpeed=\"6000\" data-animationSpeed=\"600\" data-directionNav=\"true\"><div class=\"swiper-wrapper\"><div class=\"swiper-slide\"><div class=\"featured-image\"><img width=\"700\" height=\"300\" alt=\"nrj_1\" src=\"http:\/\/www.artemis-events.fr\/wp-content\/uploads\/bfi_thumb\/nrj_1-3itfm24ux2vhd6uq4kirka.jpg\" \/><\/div><\/div><div class=\"swiper-slide\"><div class=\"featured-image\"><img width=\"700\" height=\"300\" alt=\"nrj_2\" src=\"http:\/\/www.artemis-events.fr\/wp-content\/uploads\/bfi_thumb\/nrj_2-3itfm20c2scal53uqpc3yi.jpg\" \/><\/div><\/div><div class=\"swiper-slide\"><div class=\"featured-image\"><img width=\"700\" height=\"300\" alt=\"nrj_3\" src=\"http:\/\/www.artemis-events.fr\/wp-content\/uploads\/bfi_thumb\/nrj_3-3itfm20c2scal53uqpc3yi.jpg\" \/><\/div><\/div><div class=\"swiper-slide\"><div class=\"featured-image\"><img width=\"700\" height=\"300\" alt=\"nrj_4\" src=\"http:\/\/www.artemis-events.fr\/wp-content\/uploads\/bfi_thumb\/nrj_4-3itfm1vt8ht3t3czcu5gcq.jpg\" \/><\/div><\/div><div class=\"swiper-slide\"><div class=\"featured-image\"><img width=\"700\" height=\"300\" alt=\"nrj_5\" src=\"http:\/\/www.artemis-events.fr\/wp-content\/uploads\/bfi_thumb\/nrj_5-3itfm1vt8ht3t3czcu5gcq.jpg\" \/><\/div><\/div><div class=\"swiper-slide\"><div class=\"featured-image\"><img width=\"700\" height=\"300\" alt=\"nrj_6\" src=\"http:\/\/www.artemis-events.fr\/wp-content\/uploads\/bfi_thumb\/nrj_6-3itfm1vt8ht3t3czcu5gcq.jpg\" \/><\/div><\/div><div class=\"swiper-slide\"><div class=\"featured-image\"><img width=\"700\" height=\"300\" alt=\"nrj_7\" src=\"http:\/\/www.artemis-events.fr\/wp-content\/uploads\/bfi_thumb\/nrj_7-3itfm1vt8ht3t3czcu5gcq.jpg\" \/><\/div><\/div><div class=\"swiper-slide\"><div class=\"featured-image\"><img width=\"700\" height=\"300\" alt=\"nrj_8\" src=\"http:\/\/www.artemis-events.fr\/wp-content\/uploads\/bfi_thumb\/nrj_8-3itfm1971155wummfi86bu.jpg\" \/><\/div><\/div><\/div><a class=\"mk-swiper-prev slideshow-swiper-arrows\"><i class=\"mk-theme-icon-prev-big\"><\/i><\/a><a class=\"mk-swiper-next slideshow-swiper-arrows\"><i class=\"mk-theme-icon-next-big\"><\/i><\/a><\/div><\/div><div class=\"gallery-thumbs-small\"><a href=\"#\" class=\"active-item\"><img width=\"100\" height=\"100\" alt=\"nrj_1\" src=\"http:\/\/www.artemis-events.fr\/wp-content\/uploads\/bfi_thumb\/nrj_1-3itfm24txwm55qpq9lm5u2.jpg\" \/><\/a><a href=\"#\" class=\"\"><img width=\"100\" height=\"100\" alt=\"nrj_2\" src=\"http:\/\/www.artemis-events.fr\/wp-content\/uploads\/bfi_thumb\/nrj_2-3itfm20b3m2ydoyuvqfi8a.jpg\" \/><\/a><a href=\"#\" class=\"\"><img width=\"100\" height=\"100\" alt=\"nrj_3\" src=\"http:\/\/www.artemis-events.fr\/wp-content\/uploads\/bfi_thumb\/nrj_3-3itfm20b3m2ydoyuvqfi8a.jpg\" \/><\/a><a href=\"#\" class=\"\"><img width=\"100\" height=\"100\" alt=\"nrj_4\" src=\"http:\/\/www.artemis-events.fr\/wp-content\/uploads\/bfi_thumb\/nrj_4-3itfm1vs9bjrln7zhv8umi.jpg\" \/><\/a><a href=\"#\" class=\"\"><img width=\"100\" height=\"100\" alt=\"nrj_5\" src=\"http:\/\/www.artemis-events.fr\/wp-content\/uploads\/bfi_thumb\/nrj_5-3itfm1vs9bjrln7zhv8umi.jpg\" \/><\/a><a href=\"#\" class=\"\"><img width=\"100\" height=\"100\" alt=\"nrj_6\" src=\"http:\/\/www.artemis-events.fr\/wp-content\/uploads\/bfi_thumb\/nrj_6-3itfm1vs9bjrln7zhv8umi.jpg\" \/><\/a><a href=\"#\" class=\"\"><img width=\"100\" height=\"100\" alt=\"nrj_7\" src=\"http:\/\/www.artemis-events.fr\/wp-content\/uploads\/bfi_thumb\/nrj_7-3itfm1vs9bjrln7zhv8umi.jpg\" \/><\/a><a href=\"#\" class=\"\"><img width=\"100\" height=\"100\" alt=\"nrj_8\" src=\"http:\/\/www.artemis-events.fr\/wp-content\/uploads\/bfi_thumb\/nrj_8-3itfm1961uvtpehmkjbklm.jpg\" \/><\/a><\/div><div class=\"clearboth\"><\/div><\/div>\n\t<\/div>\n\t<div style=\"\" class=\"vc_span4 wpb_column column_container \">\n\t\t\t<div class=\"mk-text-block  \">\n<h2>NRJ<\/h2>\n<div class=\"clearboth\"><\/div><\/div> <div class=\"mk-text-block  \"><b>L\u2019\u00e9v\u00e9nement dans plusieurs villes de France<\/b><br \/>\nTourn\u00e9e d\u2019\u00e9t\u00e9 &#8211; Summer Tour NRJ Nouvelle Star. Gestion des partenaires, organisation jour et supervision du dispositif nuit.<div class=\"clearboth\"><\/div><\/div> <div class=\"clearboth\"><\/div><div class=\"mk-shortcode mk-padding-shortcode\" style=\"height:30px\"><\/div><div class=\"clearboth\"><\/div><div class=\"mk-text-block  \"><b>Le challenge<\/b><br \/>\nAssurer une parfaite gestion de la prestation, chaque jour dans une nouvelle ville.<div class=\"clearboth\"><\/div><\/div> \n\t<\/div><\/div><div class=\"wpb_row vc_row-fluid  mk-fullwidth-false add-padding-0 attched-false\">\n\t<div style=\"\" class=\"vc_span12 wpb_column column_container \">\n\t\t\t<div class=\"clearboth\"><\/div><div class=\"mk-shortcode mk-padding-shortcode\" style=\"height:60px\"><\/div><div class=\"clearboth\"><\/div>\n\t<\/div><\/div><div class=\"wpb_row vc_row-fluid  mk-fullwidth-false add-padding-0 attched-false\">\n\t<div style=\"\" class=\"vc_span8 wpb_column column_container \">\n\t\t\t<div style=\"max-width:700px;margin-bottom:20px\" class=\"mk-gallery thumb-style \"><div class=\"gallery-thumb-large\"><div id=\"gallery-6498\" class=\"swiper-container mk-swiper-slider\" data-freeModeFluid=\"true\" data-loop=\"false\" data-slidesPerView=\"1\" data-pagination=\"false\" data-freeMode=\"false\" data-mousewheelControl=\"true\" data-direction=\"horizontal\" data-slideshowSpeed=\"6000\" data-animationSpeed=\"600\" data-directionNav=\"true\"><div class=\"swiper-wrapper\"><div class=\"swiper-slide\"><div class=\"featured-image\"><img width=\"700\" height=\"300\" alt=\"galeries_lafayette_1\" src=\"http:\/\/www.artemis-events.fr\/wp-content\/uploads\/bfi_thumb\/galeries_lafayette_1-3itfm20c2scal53uqpc3yi.jpg\" \/><\/div><\/div><\/div><a class=\"mk-swiper-prev slideshow-swiper-arrows\"><i class=\"mk-theme-icon-prev-big\"><\/i><\/a><a class=\"mk-swiper-next slideshow-swiper-arrows\"><i class=\"mk-theme-icon-next-big\"><\/i><\/a><\/div><\/div><div class=\"gallery-thumbs-small\"><a href=\"#\" class=\"active-item\"><img width=\"100\" height=\"100\" alt=\"galeries_lafayette_1\" src=\"http:\/\/www.artemis-events.fr\/wp-content\/uploads\/bfi_thumb\/galeries_lafayette_1-3itfm20b3m2ydoyuvqfi8a.jpg\" \/><\/a><\/div><div class=\"clearboth\"><\/div><\/div>\n\t<\/div>\n\t<div style=\"\" class=\"vc_span4 wpb_column column_container \">\n\t\t\t<div class=\"mk-text-block  \">\n<h2>GALERIES LAFAYETTE<\/h2>\n<div class=\"clearboth\"><\/div><\/div> <div class=\"mk-text-block  \"><b>L\u2019\u00e9v\u00e9nement \u00e0 Dijon et Amiens<\/b><br \/>\nInauguration des Galeries Lafayette Gourmet de Dijon et Amiens.<div class=\"clearboth\"><\/div><\/div> <div class=\"clearboth\"><\/div><div class=\"mk-shortcode mk-padding-shortcode\" style=\"height:30px\"><\/div><div class=\"clearboth\"><\/div><div class=\"mk-text-block  \"><b>Le challenge<\/b><br \/>\nCr\u00e9ation d\u2019un concept f\u00e9\u00e9rique, d\u00e9clin\u00e9 autour d\u2019animations inattendues et surprenantes.<div class=\"clearboth\"><\/div><\/div> \n\t<\/div><\/div><div class=\"wpb_row vc_row-fluid  mk-fullwidth-false add-padding-0 attched-false\">\n\t<div style=\"\" class=\"vc_span12 wpb_column column_container \">\n\t\t\t<div class=\"clearboth\"><\/div><div class=\"mk-shortcode mk-padding-shortcode\" style=\"height:60px\"><\/div><div class=\"clearboth\"><\/div>\n\t<\/div><\/div>\n","protected":false},"excerpt":{"rendered":"<p>Home Produits B TO B B to C Agence Portfolio Nos clients Contact B TO C Disponibilit\u00e9 et sens de l\u2019\u00e9coute sont notre priorit\u00e9 pour vous proposer des id\u00e9es novatrices [&#8230;]<\/p>\n","protected":false},"author":1,"featured_media":0,"parent":0,"menu_order":0,"comment_status":"open","ping_status":"open","template":"","meta":[],"_links":{"self":[{"href":"http:\/\/www.artemis-events.fr\/index.php?rest_route=\/wp\/v2\/pages\/134"}],"collection":[{"href":"http:\/\/www.artemis-events.fr\/index.php?rest_route=\/wp\/v2\/pages"}],"about":[{"href":"http:\/\/www.artemis-events.fr\/index.php?rest_route=\/wp\/v2\/types\/page"}],"author":[{"embeddable":true,"href":"http:\/\/www.artemis-events.fr\/index.php?rest_route=\/wp\/v2\/users\/1"}],"replies":[{"embeddable":true,"href":"http:\/\/www.artemis-events.fr\/index.php?rest_route=%2Fwp%2Fv2%2Fcomments&post=134"}],"version-history":[{"count":6,"href":"http:\/\/www.artemis-events.fr\/index.php?rest_route=\/wp\/v2\/pages\/134\/revisions"}],"predecessor-version":[{"id":1118,"href":"http:\/\/www.artemis-events.fr\/index.php?rest_route=\/wp\/v2\/pages\/134\/revisions\/1118"}],"wp:attachment":[{"href":"http:\/\/www.artemis-events.fr\/index.php?rest_route=%2Fwp%2Fv2%2Fmedia&parent=134"}],"curies":[{"name":"wp","href":"https:\/\/api.w.org\/{rel}","templated":true}]}}