{"id":140,"date":"2014-05-30T12:55:45","date_gmt":"2014-05-30T11:55:45","guid":{"rendered":"http:\/\/localhost:8888\/?page_id=140"},"modified":"2019-09-16T17:17:43","modified_gmt":"2019-09-16T16:17:43","slug":"corporate","status":"publish","type":"page","link":"http:\/\/www.artemis-events.fr\/?page_id=140","title":{"rendered":"B TO B"},"content":{"rendered":"<\/div><\/div><div class=\"wpb_row vc_row-fluid  mk-fullwidth-true add-padding-0 attched-false\">\n\t<div style=\"\" class=\"vc_span12 wpb_column column_container \">\n\t\t\t<header data-sticky-height=\"91\" class=\"mk-secondary-header sticky-trigger-header  \"><div class=\"mk-grid\"><nav id=\"mk-main-navigation\"><ul id=\"menu-artemis_menu\" class=\"main-navigation-ul\"><li class=\"responsive-nav-link\"><i class=\"mk-theme-icon-responsive\"><\/i><\/li><li class=\"mk-header-logo mobile-menu-exists\"><a href=\"http:\/\/www.artemis-events.fr\/\" title=\"Art\u00e9mis Events | Cr\u00e9ateur de vos \u00e9v\u00e9nements\"><img alt=\"Art\u00e9mis Events | Cr\u00e9ateur de vos \u00e9v\u00e9nements\" class=\"mk-dark-logo\" src=\"http:\/\/www.artemis-events.fr\/wp-content\/uploads\/2014\/05\/Logo_Retina_Artemis_Events.png\" data-retina-src=\"http:\/\/www.artemis-events.fr\/wp-content\/uploads\/2014\/05\/Logo_Retina_Artemis_Events.png\" \/><img alt=\"Art\u00e9mis Events | Cr\u00e9ateur de vos \u00e9v\u00e9nements\" class=\"mk-mobile-logo\" src=\"http:\/\/www.artemis-events.fr\/wp-content\/uploads\/2014\/05\/Logo_Retina_Artemis_Events.png\" data-retina-src=\"http:\/\/www.artemis-events.fr\/wp-content\/uploads\/2014\/05\/Logo_Retina_Artemis_Events.png\" \/><img alt=\"Art\u00e9mis Events | Cr\u00e9ateur de vos \u00e9v\u00e9nements\" class=\"mk-light-logo\" src=\"http:\/\/www.artemis-events.fr\/wp-content\/uploads\/2014\/09\/Logo_Retina_Artemis_Events_light.png\" data-retina-src=\"\" \/><\/a><\/li><li id=\"menu-item-16\" class=\"menu-item menu-item-type-post_type menu-item-object-page menu-item-home\"><a href=\"http:\/\/www.artemis-events.fr\/\">Home<\/a><\/li>\n<li id=\"menu-item-116\" class=\"menu-item menu-item-type-post_type menu-item-object-page menu-item-has-children\"><a href=\"http:\/\/www.artemis-events.fr\/?page_id=92\">Produits<\/a>\n<ul class=\"sub-menu \">\n\t<li id=\"menu-item-151\" class=\"menu-item menu-item-type-post_type menu-item-object-page\"><a href=\"http:\/\/www.artemis-events.fr\/?page_id=140\"><i class=\"mk-theme-icon-next-big\"><\/i>B TO B<\/a><\/li>\n\t<li id=\"menu-item-152\" class=\"menu-item menu-item-type-post_type menu-item-object-page\"><a href=\"http:\/\/www.artemis-events.fr\/?page_id=134\"><i class=\"mk-theme-icon-next-big\"><\/i>B to C<\/a><\/li>\n<\/ul>\n<\/li>\n<li id=\"menu-item-173\" class=\"menu-item menu-item-type-post_type menu-item-object-page\"><a href=\"http:\/\/www.artemis-events.fr\/?page_id=156\">Agence<\/a><\/li>\n<li id=\"menu-item-234\" class=\"menu-item menu-item-type-post_type menu-item-object-page\"><a href=\"http:\/\/www.artemis-events.fr\/?page_id=230\">Portfolio<\/a><\/li>\n<li id=\"menu-item-269\" class=\"menu-item menu-item-type-post_type menu-item-object-page\"><a href=\"http:\/\/www.artemis-events.fr\/?page_id=265\">Nos clients<\/a><\/li>\n<li id=\"menu-item-253\" class=\"menu-item menu-item-type-post_type menu-item-object-page\"><a href=\"http:\/\/www.artemis-events.fr\/?page_id=242\">Contact<\/a><\/li>\n<li class=\"dashboard-trigger res-mode\"><i class=\"mk-theme-icon-dashboard\"><\/i><\/li><li class=\"mk-header-search\">\n\t\t\t<a class=\"header-search-icon\" href=\"#\"><i class=\"mk-icon-search\"><\/i><\/a>\n\t\t<\/li><\/ul><\/nav><form method=\"get\" class=\"header-searchform-input\" action=\"http:\/\/www.artemis-events.fr\">\n            <input class=\"search-ajax-input\" type=\"text\" value=\"\" name=\"s\" id=\"s\" \/>\n            <input value=\"\" type=\"submit\" \/>\n            <a href=\"#\" class=\"header-search-close\"><i class=\"mk-theme-icon-cancel\"><\/i><\/a>\n   \t\t <\/form><\/div><div class=\"dashboard-trigger desktop-mode\"><i class=\"mk-theme-icon-dashboard\"><\/i><\/div><\/header><div style=\"height:91.666666666667px;\" class=\"secondary-header-space\"><\/div><div class=\"responsive-nav-container\"><\/div>\n\t<\/div><\/div><div class=\"theme-page-wrapper full-layout mk-grid vc_row-fluid no-padding\"><div class=\"theme-content no-padding\"><div class=\"clearboth\"><\/div><\/div><\/div><div class=\"page-section-7420 fullwidth-false full-height-false mk-background-stretch  mk-video-holder mk-page-section parallax-true  \" data-center=\"background-position: 50% 0px;\" data-bottom-top=\"background-position: 50% 200px;\" data-top-bottom=\"background-position: 50% -200px;\" data-direction=\"vertical\"><div style=\"background-color:#ffffff;opacity:0.2;\" class=\"mk-section-color-mask\"><\/div><div class=\"mk-grid vc_row-fluid page-section-content\"><div class=\"mk-padding-wrapper\">\n\t<div style=\"\" class=\"vc_span12 wpb_column column_container \">\n\t\t\t<div style=\"font-size: 30px;color: #000000;font-weight:bold;margin-top:0px;margin-bottom:10px;\" id=\"fancy-title-955\" class=\"mk-fancy-text title-box-center  mk-animate-element fade-in  \"><span style=\"background-color:rgba(255,255,255,0.8); box-shadow: 8px 0 0 rgba(255,255,255,0.8), -8px 0 0 rgba(255,255,255,0.8);line-height:50px\">\n<span style=\"color: #0ab6d1;\">B TO B<\/span>\n<\/span><\/div><div class=\"clearboth\"><\/div>\n\t<\/div><\/div><div class=\"clearboth\"><\/div><\/div><div class=\"clearboth\"><\/div><\/div>\n<style type=\"text\/css\">\n.page-section-7420\n{\n    padding:140px 0;\n    background-image:url(http:\/\/www.artemis-events.fr\/wp-content\/uploads\/2014\/05\/photos_corporate.jpg); \n    background-attachment:fixed;\n    \n    background-position:center bottom;\n    background-repeat:repeat;\n    \n}\n.page-section-7420 .alt-title span\n{\n\t\n}\n<\/style><div class=\"theme-page-wrapper full-layout mk-grid vc_row-fluid no-padding\"><div class=\"theme-content no-padding\"><div class=\"wpb_row vc_row-fluid  mk-fullwidth-false add-padding-0 attched-false\">\n\t<div style=\"\" class=\"vc_span12 wpb_column column_container \">\n\t\t\t<div class=\"clearboth\"><\/div><div class=\"mk-shortcode mk-padding-shortcode\" style=\"height:40px\"><\/div><div class=\"clearboth\"><\/div><div class=\"mk-text-block  \">\n<h5 style=\"text-align: center;\">Rencontre professionnelle, inauguration, conf\u00e9rence, team building, soir\u00e9e, cocktail, journ\u00e9e famille en entreprise,\u2026<\/h5>\n<div class=\"clearboth\"><\/div><\/div> <div class=\"mk-text-block  \">\n<p style=\"text-align: center;\">B\u00e9n\u00e9ficiez de la cr\u00e9ativit\u00e9, de la rigueur, de l\u2019exigence et du savoir-faire op\u00e9rationnel d\u2019Art\u00e9mis Events pour l\u2019organisation de vos \u00e9v\u00e9nements.<\/p>\n<div class=\"clearboth\"><\/div><\/div> <div class=\"clearboth\"><\/div><div class=\"mk-shortcode mk-padding-shortcode\" style=\"height:60px\"><\/div><div class=\"clearboth\"><\/div>\n\t<\/div><\/div><div class=\"wpb_row vc_row-fluid  mk-fullwidth-false add-padding-0 attched-false\">\n\t<div style=\"\" class=\"vc_span8 wpb_column column_container \">\n\t\t\t<div style=\"max-width:700px;margin-bottom:20px\" class=\"mk-gallery thumb-style \"><div class=\"gallery-thumb-large\"><div id=\"gallery-5239\" class=\"swiper-container mk-swiper-slider\" data-freeModeFluid=\"true\" data-loop=\"false\" data-slidesPerView=\"1\" data-pagination=\"false\" data-freeMode=\"false\" data-mousewheelControl=\"true\" data-direction=\"horizontal\" data-slideshowSpeed=\"6000\" data-animationSpeed=\"600\" data-directionNav=\"true\"><div class=\"swiper-wrapper\"><div class=\"swiper-slide\"><div class=\"featured-image\"><img width=\"700\" height=\"300\" alt=\"sodexo_shell_1\" src=\"http:\/\/www.artemis-events.fr\/wp-content\/uploads\/bfi_thumb\/sodexo_shell_1-3itfm105cg2scr4vnruv4a.jpg\" \/><\/div><\/div><div class=\"swiper-slide\"><div class=\"featured-image\"><img width=\"700\" height=\"300\" alt=\"sodexo_shell_2\" src=\"http:\/\/www.artemis-events.fr\/wp-content\/uploads\/bfi_thumb\/sodexo_shell_21-3itfm14o6qlz4svr1n1iq2.jpg\" \/><\/div><\/div><div class=\"swiper-slide\"><div class=\"featured-image\"><img width=\"700\" height=\"300\" alt=\"sodexo_shell_3\" src=\"http:\/\/www.artemis-events.fr\/wp-content\/uploads\/bfi_thumb\/sodexo_shell_31-3itfm14o6qlz4svr1n1iq2.jpg\" \/><\/div><\/div><div class=\"swiper-slide\"><div class=\"featured-image\"><img width=\"700\" height=\"300\" alt=\"sodexo_shell_4\" src=\"http:\/\/www.artemis-events.fr\/wp-content\/uploads\/bfi_thumb\/sodexo_shell_41-3itfm1i8pm7jgy4d78lhje.jpg\" \/><\/div><\/div><div class=\"swiper-slide\"><div class=\"featured-image\"><img width=\"700\" height=\"300\" alt=\"sodexo_shell_5\" src=\"http:\/\/www.artemis-events.fr\/wp-content\/uploads\/bfi_thumb\/sodexo_shell_51-3itfm1dpvbocowdhtdetxm.jpg\" \/><\/div><\/div><div class=\"swiper-slide\"><div class=\"featured-image\"><img width=\"700\" height=\"300\" alt=\"sodexo_shell_6\" src=\"http:\/\/www.artemis-events.fr\/wp-content\/uploads\/bfi_thumb\/sodexo_shell_61-3itfm1vt8ht3t3czcu5gcq.jpg\" \/><\/div><\/div><div class=\"swiper-slide\"><div class=\"featured-image\"><img width=\"700\" height=\"300\" alt=\"sodexo_shell_7\" src=\"http:\/\/www.artemis-events.fr\/wp-content\/uploads\/bfi_thumb\/sodexo_shell_7-3itfm14o6qlz4svr1n1iq2.jpg\" \/><\/div><\/div><div class=\"swiper-slide\"><div class=\"featured-image\"><img width=\"700\" height=\"300\" alt=\"sodexo_shell_8\" src=\"http:\/\/www.artemis-events.fr\/wp-content\/uploads\/bfi_thumb\/sodexo_shell_8-3itfm1vt8ht3t3czcu5gcq.jpg\" \/><\/div><\/div><\/div><a class=\"mk-swiper-prev slideshow-swiper-arrows\"><i class=\"mk-theme-icon-prev-big\"><\/i><\/a><a class=\"mk-swiper-next slideshow-swiper-arrows\"><i class=\"mk-theme-icon-next-big\"><\/i><\/a><\/div><\/div><div class=\"gallery-thumbs-small\"><a href=\"#\" class=\"active-item\"><img width=\"100\" height=\"100\" alt=\"sodexo_shell_1\" src=\"http:\/\/www.artemis-events.fr\/wp-content\/uploads\/bfi_thumb\/sodexo_shell_1-3itfm104d9tg5azvssy9e2.jpg\" \/><\/a><a href=\"#\" class=\"\"><img width=\"100\" height=\"100\" alt=\"sodexo_shell_2\" src=\"http:\/\/www.artemis-events.fr\/wp-content\/uploads\/bfi_thumb\/sodexo_shell_21-3itfm14n7kcmxcqr6o4wzu.jpg\" \/><\/a><a href=\"#\" class=\"\"><img width=\"100\" height=\"100\" alt=\"sodexo_shell_3\" src=\"http:\/\/www.artemis-events.fr\/wp-content\/uploads\/bfi_thumb\/sodexo_shell_31-3itfm14n7kcmxcqr6o4wzu.jpg\" \/><\/a><a href=\"#\" class=\"\"><img width=\"100\" height=\"100\" alt=\"sodexo_shell_4\" src=\"http:\/\/www.artemis-events.fr\/wp-content\/uploads\/bfi_thumb\/sodexo_shell_41-3itfm1i7qfy79hzdc9ovt6.jpg\" \/><\/a><a href=\"#\" class=\"\"><img width=\"100\" height=\"100\" alt=\"sodexo_shell_5\" src=\"http:\/\/www.artemis-events.fr\/wp-content\/uploads\/bfi_thumb\/sodexo_shell_51-3itfm1dow5f0hg8hyei87e.jpg\" \/><\/a><a href=\"#\" class=\"\"><img width=\"100\" height=\"100\" alt=\"sodexo_shell_6\" src=\"http:\/\/www.artemis-events.fr\/wp-content\/uploads\/bfi_thumb\/sodexo_shell_61-3itfm1vs9bjrln7zhv8umi.jpg\" \/><\/a><a href=\"#\" class=\"\"><img width=\"100\" height=\"100\" alt=\"sodexo_shell_7\" src=\"http:\/\/www.artemis-events.fr\/wp-content\/uploads\/bfi_thumb\/sodexo_shell_7-3itfm14n7kcmxcqr6o4wzu.jpg\" \/><\/a><a href=\"#\" class=\"\"><img width=\"100\" height=\"100\" alt=\"sodexo_shell_8\" src=\"http:\/\/www.artemis-events.fr\/wp-content\/uploads\/bfi_thumb\/sodexo_shell_8-3itfm1vs9bjrln7zhv8umi.jpg\" \/><\/a><\/div><div class=\"clearboth\"><\/div><\/div>\n\t<\/div>\n\t<div style=\"\" class=\"vc_span4 wpb_column column_container \">\n\t\t\t<div class=\"mk-text-block  \">\n<h2>Sodexho &amp; Shell<\/h2>\n<div class=\"clearboth\"><\/div><\/div> <div class=\"mk-text-block  \"><b>L\u2019\u00e9v\u00e9nement au Gabon<\/b><br \/>\nOrganisation de deux soir\u00e9es autour d\u2019un grand repas, de concerts d\u2019artistes gabonais et d\u2019interventions corporate. La premi\u00e8re r\u00e9unissait 700 personnes, pour r\u00e9compenser tous les travailleurs du site et la seconde, accueillait 200 personnes pour une remise de m\u00e9dailles aux meilleurs collaborateurs.<div class=\"clearboth\"><\/div><\/div> <div class=\"clearboth\"><\/div><div class=\"mk-shortcode mk-padding-shortcode\" style=\"height:30px\"><\/div><div class=\"clearboth\"><\/div><div class=\"mk-text-block  \"><b>Le challenge<\/b><br \/>\nL\u2019organisation de ces \u00e9v\u00e9nements au milieu de la brousse gabonaise !<div class=\"clearboth\"><\/div><\/div> \n\t<\/div><\/div><div class=\"wpb_row vc_row-fluid  mk-fullwidth-false add-padding-0 attched-false\">\n\t<div style=\"\" class=\"vc_span12 wpb_column column_container \">\n\t\t\t<div class=\"clearboth\"><\/div><div class=\"mk-shortcode mk-padding-shortcode\" style=\"height:60px\"><\/div><div class=\"clearboth\"><\/div>\n\t<\/div><\/div><div class=\"wpb_row vc_row-fluid  mk-fullwidth-false add-padding-0 attched-false\">\n\t<div style=\"\" class=\"vc_span8 wpb_column column_container \">\n\t\t\t<div style=\"max-width:700px;margin-bottom:20px\" class=\"mk-gallery thumb-style \"><div class=\"gallery-thumb-large\"><div id=\"gallery-9704\" class=\"swiper-container mk-swiper-slider\" data-freeModeFluid=\"true\" data-loop=\"false\" data-slidesPerView=\"1\" data-pagination=\"false\" data-freeMode=\"false\" data-mousewheelControl=\"true\" data-direction=\"horizontal\" data-slideshowSpeed=\"6000\" data-animationSpeed=\"600\" data-directionNav=\"true\"><div class=\"swiper-wrapper\"><div class=\"swiper-slide\"><div class=\"featured-image\"><img width=\"700\" height=\"300\" alt=\"gtm_batiment_1\" src=\"http:\/\/www.artemis-events.fr\/wp-content\/uploads\/bfi_thumb\/gtm_batiment_1-3itfm1i8pm7jgy4d78lhje.jpg\" \/><\/div><\/div><\/div><a class=\"mk-swiper-prev slideshow-swiper-arrows\"><i class=\"mk-theme-icon-prev-big\"><\/i><\/a><a class=\"mk-swiper-next slideshow-swiper-arrows\"><i class=\"mk-theme-icon-next-big\"><\/i><\/a><\/div><\/div><div class=\"gallery-thumbs-small\"><a href=\"#\" class=\"active-item\"><img width=\"100\" height=\"100\" alt=\"gtm_batiment_1\" src=\"http:\/\/www.artemis-events.fr\/wp-content\/uploads\/bfi_thumb\/gtm_batiment_1-3itfm1i7qfy79hzdc9ovt6.jpg\" \/><\/a><\/div><div class=\"clearboth\"><\/div><\/div>\n\t<\/div>\n\t<div style=\"\" class=\"vc_span4 wpb_column column_container \">\n\t\t\t<div class=\"mk-text-block  \">\n<h2>GTM B\u00e2timent<\/h2>\n<div class=\"clearboth\"><\/div><\/div> <div class=\"mk-text-block  \"><b>L\u2019\u00e9v\u00e9nement en Bourgogne<\/b><br \/>\nC\u00e9l\u00e9bration r\u00e9unissant 800 personnes autour d\u2019une journ\u00e9e sportive et conviviale avec intervention des membres de la direction.<div class=\"clearboth\"><\/div><\/div> <div class=\"clearboth\"><\/div><div class=\"mk-shortcode mk-padding-shortcode\" style=\"height:30px\"><\/div><div class=\"clearboth\"><\/div><div class=\"mk-text-block  \"><b>Le challenge<\/b><br \/>\nL\u2019organisation de la journ\u00e9e, rythm\u00e9e par le transport sur site des 800 collaborateurs, les tournois sportifs et les temps forts de la journ\u00e9e (repas et discours). Une prestation qui nous a demand\u00e9 une logistique exceptionnelle.<div class=\"clearboth\"><\/div><\/div> \n\t<\/div><\/div><div class=\"wpb_row vc_row-fluid  mk-fullwidth-false add-padding-0 attched-false\">\n\t<div style=\"\" class=\"vc_span12 wpb_column column_container \">\n\t\t\t<div class=\"clearboth\"><\/div><div class=\"mk-shortcode mk-padding-shortcode\" style=\"height:60px\"><\/div><div class=\"clearboth\"><\/div>\n\t<\/div><\/div><div class=\"wpb_row vc_row-fluid  mk-fullwidth-false add-padding-0 attched-false\">\n\t<div style=\"\" class=\"vc_span8 wpb_column column_container \">\n\t\t\t<div style=\"max-width:700px;margin-bottom:20px\" class=\"mk-gallery thumb-style \"><div class=\"gallery-thumb-large\"><div id=\"gallery-2778\" class=\"swiper-container mk-swiper-slider\" data-freeModeFluid=\"true\" data-loop=\"false\" data-slidesPerView=\"1\" data-pagination=\"false\" data-freeMode=\"false\" data-mousewheelControl=\"true\" data-direction=\"horizontal\" data-slideshowSpeed=\"6000\" data-animationSpeed=\"600\" data-directionNav=\"true\"><div class=\"swiper-wrapper\"><div class=\"swiper-slide\"><div class=\"featured-image\"><img width=\"700\" height=\"300\" alt=\"vinci_1\" src=\"http:\/\/www.artemis-events.fr\/wp-content\/uploads\/bfi_thumb\/vinci_1-3itfm14o6qlz4svr1n1iq2.jpg\" \/><\/div><\/div><div class=\"swiper-slide\"><div class=\"featured-image\"><img width=\"700\" height=\"300\" alt=\"vinci_2\" src=\"http:\/\/www.artemis-events.fr\/wp-content\/uploads\/bfi_thumb\/vinci_2-3itfm105cg2scr4vnruv4a.jpg\" \/><\/div><\/div><div class=\"swiper-slide\"><div class=\"featured-image\"><img width=\"700\" height=\"300\" alt=\"vinci_3\" src=\"http:\/\/www.artemis-events.fr\/wp-content\/uploads\/bfi_thumb\/vinci_3-3itfm105cg2scr4vnruv4a.jpg\" \/><\/div><\/div><div class=\"swiper-slide\"><div class=\"featured-image\"><img width=\"700\" height=\"300\" alt=\"vinci_4\" src=\"http:\/\/www.artemis-events.fr\/wp-content\/uploads\/bfi_thumb\/vinci_4-3itfm1971155wummfi86bu.jpg\" \/><\/div><\/div><div class=\"swiper-slide\"><div class=\"featured-image\"><img width=\"700\" height=\"300\" alt=\"vinci_5\" src=\"http:\/\/www.artemis-events.fr\/wp-content\/uploads\/bfi_thumb\/vinci_5-3itfm14o6qlz4svr1n1iq2.jpg\" \/><\/div><\/div><\/div><a class=\"mk-swiper-prev slideshow-swiper-arrows\"><i class=\"mk-theme-icon-prev-big\"><\/i><\/a><a class=\"mk-swiper-next slideshow-swiper-arrows\"><i class=\"mk-theme-icon-next-big\"><\/i><\/a><\/div><\/div><div class=\"gallery-thumbs-small\"><a href=\"#\" class=\"active-item\"><img width=\"100\" height=\"100\" alt=\"vinci_1\" src=\"http:\/\/www.artemis-events.fr\/wp-content\/uploads\/bfi_thumb\/vinci_1-3itfm14n7kcmxcqr6o4wzu.jpg\" \/><\/a><a href=\"#\" class=\"\"><img width=\"100\" height=\"100\" alt=\"vinci_2\" src=\"http:\/\/www.artemis-events.fr\/wp-content\/uploads\/bfi_thumb\/vinci_2-3itfm104d9tg5azvssy9e2.jpg\" \/><\/a><a href=\"#\" class=\"\"><img width=\"100\" height=\"100\" alt=\"vinci_3\" src=\"http:\/\/www.artemis-events.fr\/wp-content\/uploads\/bfi_thumb\/vinci_3-3itfm104d9tg5azvssy9e2.jpg\" \/><\/a><a href=\"#\" class=\"\"><img width=\"100\" height=\"100\" alt=\"vinci_4\" src=\"http:\/\/www.artemis-events.fr\/wp-content\/uploads\/bfi_thumb\/vinci_4-3itfm1961uvtpehmkjbklm.jpg\" \/><\/a><a href=\"#\" class=\"\"><img width=\"100\" height=\"100\" alt=\"vinci_5\" src=\"http:\/\/www.artemis-events.fr\/wp-content\/uploads\/bfi_thumb\/vinci_5-3itfm14n7kcmxcqr6o4wzu.jpg\" \/><\/a><\/div><div class=\"clearboth\"><\/div><\/div>\n\t<\/div>\n\t<div style=\"\" class=\"vc_span4 wpb_column column_container \">\n\t\t\t<div class=\"mk-text-block  \">\n<h2>VINCI<\/h2>\n<div class=\"clearboth\"><\/div><\/div> <div class=\"mk-text-block  \"><b>L\u2019\u00e9v\u00e9nement en Touraine<\/b><br \/>\n\u00c0 l\u2019occasion d\u2019un comit\u00e9 de direction, organisation d\u2019un s\u00e9minaire de 2 jours dans un ch\u00e2teau de la vall\u00e9e de la Loire (transport, h\u00e9bergement, activit\u00e9s conviviales et diner dans des grottes troglodytes avec animation d\u00e9couverte autour du vin).<div class=\"clearboth\"><\/div><\/div> <div class=\"clearboth\"><\/div><div class=\"mk-shortcode mk-padding-shortcode\" style=\"height:30px\"><\/div><div class=\"clearboth\"><\/div><div class=\"mk-text-block  \"><b>Le challenge<\/b><br \/>\nTrouver un site et des \u00e9v\u00e9nements qui r\u00e9pondent aux attentes d\u2019un public de prestige.<div class=\"clearboth\"><\/div><\/div> \n\t<\/div><\/div><div class=\"wpb_row vc_row-fluid  mk-fullwidth-false add-padding-0 attched-false\">\n\t<div style=\"\" class=\"vc_span12 wpb_column column_container \">\n\t\t\t<div class=\"clearboth\"><\/div><div class=\"mk-shortcode mk-padding-shortcode\" style=\"height:60px\"><\/div><div class=\"clearboth\"><\/div>\n\t<\/div><\/div>\n","protected":false},"excerpt":{"rendered":"<p>Home Produits B TO B B to C Agence Portfolio Nos clients Contact B TO B Rencontre professionnelle, inauguration, conf\u00e9rence, team building, soir\u00e9e, cocktail, journ\u00e9e famille en entreprise,\u2026 B\u00e9n\u00e9ficiez de [&#8230;]<\/p>\n","protected":false},"author":1,"featured_media":0,"parent":0,"menu_order":0,"comment_status":"open","ping_status":"open","template":"","meta":[],"_links":{"self":[{"href":"http:\/\/www.artemis-events.fr\/index.php?rest_route=\/wp\/v2\/pages\/140"}],"collection":[{"href":"http:\/\/www.artemis-events.fr\/index.php?rest_route=\/wp\/v2\/pages"}],"about":[{"href":"http:\/\/www.artemis-events.fr\/index.php?rest_route=\/wp\/v2\/types\/page"}],"author":[{"embeddable":true,"href":"http:\/\/www.artemis-events.fr\/index.php?rest_route=\/wp\/v2\/users\/1"}],"replies":[{"embeddable":true,"href":"http:\/\/www.artemis-events.fr\/index.php?rest_route=%2Fwp%2Fv2%2Fcomments&post=140"}],"version-history":[{"count":19,"href":"http:\/\/www.artemis-events.fr\/index.php?rest_route=\/wp\/v2\/pages\/140\/revisions"}],"predecessor-version":[{"id":1419,"href":"http:\/\/www.artemis-events.fr\/index.php?rest_route=\/wp\/v2\/pages\/140\/revisions\/1419"}],"wp:attachment":[{"href":"http:\/\/www.artemis-events.fr\/index.php?rest_route=%2Fwp%2Fv2%2Fmedia&parent=140"}],"curies":[{"name":"wp","href":"https:\/\/api.w.org\/{rel}","templated":true}]}}