{"id":156,"date":"2014-05-30T13:11:31","date_gmt":"2014-05-30T12:11:31","guid":{"rendered":"http:\/\/localhost:8888\/?page_id=156"},"modified":"2019-09-19T11:14:43","modified_gmt":"2019-09-19T10:14:43","slug":"agence","status":"publish","type":"page","link":"http:\/\/www.artemis-events.fr\/?page_id=156","title":{"rendered":"Agence"},"content":{"rendered":"<\/div><\/div><div class=\"wpb_row vc_row-fluid  mk-fullwidth-true add-padding-0 attched-false\">\n\t<div style=\"\" class=\"vc_span12 wpb_column column_container \">\n\t\t\t<header data-sticky-height=\"91\" class=\"mk-secondary-header sticky-trigger-header  \"><div class=\"mk-grid\"><nav id=\"mk-main-navigation\"><ul id=\"menu-artemis_menu\" class=\"main-navigation-ul\"><li class=\"responsive-nav-link\"><i class=\"mk-theme-icon-responsive\"><\/i><\/li><li class=\"mk-header-logo mobile-menu-exists\"><a href=\"http:\/\/www.artemis-events.fr\/\" title=\"Art\u00e9mis Events | Cr\u00e9ateur de vos \u00e9v\u00e9nements\"><img alt=\"Art\u00e9mis Events | Cr\u00e9ateur de vos \u00e9v\u00e9nements\" class=\"mk-dark-logo\" src=\"http:\/\/www.artemis-events.fr\/wp-content\/uploads\/2014\/05\/Logo_Retina_Artemis_Events.png\" data-retina-src=\"http:\/\/www.artemis-events.fr\/wp-content\/uploads\/2014\/05\/Logo_Retina_Artemis_Events.png\" \/><img alt=\"Art\u00e9mis Events | Cr\u00e9ateur de vos \u00e9v\u00e9nements\" class=\"mk-mobile-logo\" src=\"http:\/\/www.artemis-events.fr\/wp-content\/uploads\/2014\/05\/Logo_Retina_Artemis_Events.png\" data-retina-src=\"http:\/\/www.artemis-events.fr\/wp-content\/uploads\/2014\/05\/Logo_Retina_Artemis_Events.png\" \/><img alt=\"Art\u00e9mis Events | Cr\u00e9ateur de vos \u00e9v\u00e9nements\" class=\"mk-light-logo\" src=\"http:\/\/www.artemis-events.fr\/wp-content\/uploads\/2014\/09\/Logo_Retina_Artemis_Events_light.png\" data-retina-src=\"\" \/><\/a><\/li><li id=\"menu-item-16\" class=\"menu-item menu-item-type-post_type menu-item-object-page menu-item-home\"><a href=\"http:\/\/www.artemis-events.fr\/\">Home<\/a><\/li>\n<li id=\"menu-item-116\" class=\"menu-item menu-item-type-post_type menu-item-object-page menu-item-has-children\"><a href=\"http:\/\/www.artemis-events.fr\/?page_id=92\">Produits<\/a>\n<ul class=\"sub-menu \">\n\t<li id=\"menu-item-151\" class=\"menu-item menu-item-type-post_type menu-item-object-page\"><a href=\"http:\/\/www.artemis-events.fr\/?page_id=140\"><i class=\"mk-theme-icon-next-big\"><\/i>B TO B<\/a><\/li>\n\t<li id=\"menu-item-152\" class=\"menu-item menu-item-type-post_type menu-item-object-page\"><a href=\"http:\/\/www.artemis-events.fr\/?page_id=134\"><i class=\"mk-theme-icon-next-big\"><\/i>B to C<\/a><\/li>\n<\/ul>\n<\/li>\n<li id=\"menu-item-173\" class=\"menu-item menu-item-type-post_type menu-item-object-page\"><a href=\"http:\/\/www.artemis-events.fr\/?page_id=156\">Agence<\/a><\/li>\n<li id=\"menu-item-234\" class=\"menu-item menu-item-type-post_type menu-item-object-page\"><a href=\"http:\/\/www.artemis-events.fr\/?page_id=230\">Portfolio<\/a><\/li>\n<li id=\"menu-item-269\" class=\"menu-item menu-item-type-post_type menu-item-object-page\"><a href=\"http:\/\/www.artemis-events.fr\/?page_id=265\">Nos clients<\/a><\/li>\n<li id=\"menu-item-253\" class=\"menu-item menu-item-type-post_type menu-item-object-page\"><a href=\"http:\/\/www.artemis-events.fr\/?page_id=242\">Contact<\/a><\/li>\n<li class=\"dashboard-trigger res-mode\"><i class=\"mk-theme-icon-dashboard\"><\/i><\/li><li class=\"mk-header-search\">\n\t\t\t<a class=\"header-search-icon\" href=\"#\"><i class=\"mk-icon-search\"><\/i><\/a>\n\t\t<\/li><\/ul><\/nav><form method=\"get\" class=\"header-searchform-input\" action=\"http:\/\/www.artemis-events.fr\">\n            <input class=\"search-ajax-input\" type=\"text\" value=\"\" name=\"s\" id=\"s\" \/>\n            <input value=\"\" type=\"submit\" \/>\n            <a href=\"#\" class=\"header-search-close\"><i class=\"mk-theme-icon-cancel\"><\/i><\/a>\n   \t\t <\/form><\/div><div class=\"dashboard-trigger desktop-mode\"><i class=\"mk-theme-icon-dashboard\"><\/i><\/div><\/header><div style=\"height:91.666666666667px;\" class=\"secondary-header-space\"><\/div><div class=\"responsive-nav-container\"><\/div>\n\t<\/div><\/div><div class=\"theme-page-wrapper full-layout mk-grid vc_row-fluid no-padding\"><div class=\"theme-content no-padding\"><div class=\"clearboth\"><\/div><\/div><\/div><div class=\"page-section-4677 fullwidth-false full-height-false mk-background-stretch  mk-video-holder mk-page-section parallax-true  \" data-center=\"background-position: 50% 0px;\" data-bottom-top=\"background-position: 50% 200px;\" data-top-bottom=\"background-position: 50% -200px;\" data-direction=\"vertical\"><div style=\"background-color:#ffffff;opacity:0.2;\" class=\"mk-section-color-mask\"><\/div><div class=\"mk-grid vc_row-fluid page-section-content\"><div class=\"mk-padding-wrapper\">\n\t<div style=\"\" class=\"vc_span12 wpb_column column_container \">\n\t\t\t<div style=\"font-size: 30px;color: #000000;font-weight:bold;margin-top:0px;margin-bottom:10px;\" id=\"fancy-title-577\" class=\"mk-fancy-text title-box-center  mk-animate-element fade-in  \"><span style=\"background-color:rgba(255,255,255,0.8); box-shadow: 8px 0 0 rgba(255,255,255,0.8), -8px 0 0 rgba(255,255,255,0.8);line-height:50px\">\n<span style=\"color: #0ab6d1;\">NOTRE AGENCE\n<\/span>\n<\/span><\/div><div class=\"clearboth\"><\/div>\n\t<\/div><\/div><div class=\"clearboth\"><\/div><\/div><div class=\"clearboth\"><\/div><\/div>\n<style type=\"text\/css\">\n.page-section-4677\n{\n    padding:140px 0;\n    background-image:url(http:\/\/www.artemis-events.fr\/wp-content\/uploads\/2014\/05\/agence1.jpg); \n    background-attachment:fixed;\n    \n    background-position:center bottom;\n    background-repeat:repeat;\n    \n}\n.page-section-4677 .alt-title span\n{\n\t\n}\n<\/style><div class=\"theme-page-wrapper full-layout mk-grid vc_row-fluid no-padding\"><div class=\"theme-content no-padding\"><div class=\"wpb_row vc_row-fluid  mk-fullwidth-false add-padding-0 attched-false\">\n\t<div style=\"\" class=\"vc_span2 wpb_column column_container \">\n\t\t\t\n\t<\/div>\n\t<div style=\"\" class=\"vc_span8 wpb_column column_container \">\n\t\t\t<div class=\"clearboth\"><\/div><div class=\"mk-shortcode mk-padding-shortcode\" style=\"height:40px\"><\/div><div class=\"clearboth\"><\/div><div class=\"mk-text-block  \">\n<h4>10 ans d\u00e9j\u00e0<\/h4>\n<p style=\"text-align: justify;\">\u00ab Nous totalisons plus de\u00a0<strong>10 ans d\u2019expertise avec des clients fid\u00e8les<\/strong> qui font r\u00e9guli\u00e8rement appel \u00e0 nous, appr\u00e9cient notre <strong>professionnalisme<\/strong>, notre <strong>disponibilit\u00e9<\/strong> et notre <strong>flexibilit\u00e9<\/strong>.<\/p>\n<p style=\"text-align: justify;\">Certainement parce que chez Art\u00e9mis Events nous <strong>faisons plus que de proposer des concepts cr\u00e9atifs et originaux<\/strong>, nous cherchons toujours \u00e0 conna\u00eetre au mieux nos clients pour \u00eatre le plus pertinent possible dans nos propositions.<br \/>\nChaque projet est pens\u00e9 dans sa globalit\u00e9, <strong>dans la ligne directe des axes de communication de nos clients et au plus pr\u00e8s de leurs attentes<\/strong>. \u00bb<\/p>\n<p style=\"text-align: right;\"><em>Pierrick HAMIAUX, directeur d\u2019agence<\/em><\/p>\n<div class=\"clearboth\"><\/div><\/div> <div class=\"clearboth\"><\/div><div class=\"mk-shortcode mk-padding-shortcode\" style=\"height:40px\"><\/div><div class=\"clearboth\"><\/div>\n\t<\/div>\n\t<div style=\"\" class=\"vc_span2 wpb_column column_container \">\n\t\t\t\n\t<\/div><\/div><div class=\"clearboth\"><\/div><\/div><\/div><div class=\"page-section-1540 fullwidth-false full-height-false  mk-video-holder mk-page-section parallax-false  \" data-direction=\"vertical\"><div class=\"mk-section-color-mask\"><\/div><div class=\"mk-grid vc_row-fluid page-section-content\"><div class=\"mk-padding-wrapper\">\n\t<div style=\"\" class=\"vc_span12 wpb_column column_container \">\n\t\t\t<h3 style=\"font-size: 30px;text-align:center;line-height:36px;letter-spacing:5px;color: #333333;font-weight:bold;margin-bottom:50px;\" id=\"fancy-title-4788\" class=\"mk-fancy-title avantgarde-title center-align  mk-animate-element flip-x  \"><span class=\"fancy-title-span\" >POURQUOI FAIRE APPEL \u00c0 NOUS<\/span><\/h3><style type=\"text\/css\">\n                    #fancy-title-4788:after, #fancy-title-4788:before {\n                        background-color:rgba(51,51,51,0.4)\n                    }\n                <\/style><div id=\"employees-5684\" class=\"mk-employees mk-shortcode  three-column column_rounded-style\"><ul><li class=\"mk-employee-item\"><div class=\"employee-item-wrapper\"><div class=\"team-thumbnail  mk-animate-element flip-x \"><img alt=\"PERTINENCE\" title=\"PERTINENCE\" src=\"http:\/\/www.artemis-events.fr\/wp-content\/uploads\/bfi_thumb\/experience-3itfm14nv0j2cw1omzt6a2.jpg\" \/><div class=\"hover-overlay\"><\/div><ul class=\"mk-employeee-networks\"><\/ul><\/div><div class=\"team-info-wrapper\"><span class=\"team-member-name\">PERTINENCE<\/span><span class=\"team-member-position\"><\/span><span class=\"team-member-desc\"><p>Lors de la conception de chaque projet, nous nous impr\u00e9gnons de l\u2019ADN de nos clients, et de leurs objectifs, pour leur apporter des r\u00e9ponses pertinentes et \u00e0 la\u00a0hauteur de leurs attentes.<\/p>\n<\/span><\/div><\/div><\/li><li class=\"mk-employee-item\"><div class=\"employee-item-wrapper\"><div class=\"team-thumbnail  mk-animate-element flip-x \"><img alt=\"SINGULARIT\u00c9\" title=\"SINGULARIT\u00c9\" src=\"http:\/\/www.artemis-events.fr\/wp-content\/uploads\/bfi_thumb\/singularite_v2-3itfm196pb294xsk0uztvu.jpg\" \/><div class=\"hover-overlay\"><\/div><ul class=\"mk-employeee-networks\"><\/ul><\/div><div class=\"team-info-wrapper\"><span class=\"team-member-name\">SINGULARIT\u00c9<\/span><span class=\"team-member-position\"><\/span><span class=\"team-member-desc\"><p>Concepts insolites, \u00e9tonnants, inattendus et enchanteurs\u2026 Nous ne nous fixons aucune limite et allons toujours plus loin dans la cr\u00e9ativit\u00e9 pour vous proposer des \u00e9v\u00e9nements inoubliables.<\/p>\n<\/span><\/div><\/div><\/li><li class=\"mk-employee-item\"><div class=\"employee-item-wrapper\"><div class=\"team-thumbnail  mk-animate-element flip-x \"><img alt=\"EXP\u00c9RIENCE\" title=\"EXP\u00c9RIENCE\" src=\"http:\/\/www.artemis-events.fr\/wp-content\/uploads\/bfi_thumb\/experience_v2-3itfm14nv0j2cw1omzt6a2.jpg\" \/><div class=\"hover-overlay\"><\/div><ul class=\"mk-employeee-networks\"><\/ul><\/div><div class=\"team-info-wrapper\"><span class=\"team-member-name\">EXP\u00c9RIENCE<\/span><span class=\"team-member-position\"><\/span><span class=\"team-member-desc\"><p>B\u00e9n\u00e9ficiant d\u2019une exp\u00e9rience de plus de 10 ans dans l\u2019organisation d\u2019\u00e9v\u00e9nements, internes ou externes, B to B ou B to C, en France et \u00e0 l\u2019\u00e9tranger, nous vous apporterons l\u2019expertise n\u00e9cessaire dont vous aurez besoin.<\/p>\n<\/span><\/div><\/div><\/li><div class=\"clearboth\"><\/div><\/ul><div class=\"clearboth\"><\/div><\/div>\n\t<\/div><\/div><div class=\"clearboth\"><\/div><\/div><div class=\"clearboth\"><\/div><\/div>\n<style type=\"text\/css\">\n.page-section-1540\n{\n    padding:120px 0;\n    \n    background-attachment:scroll;\n    background-color:#f4f6f5;\n    background-position:left top;\n    background-repeat:repeat;\n    border:1px solid #f4f6f5;border-left:none;border-right:none;\n}\n.page-section-1540 .alt-title span\n{\n\tbackground-color:#f4f6f5;\n}\n<\/style><div class=\"theme-page-wrapper -layout mk-grid vc_row-fluid no-padding\"><div class=\"theme-content no-padding\"><div class=\"clearboth\"><\/div><\/div><\/div><div class=\"page-section-3049 fullwidth-false full-height-false mk-background-stretch  mk-video-holder mk-page-section parallax-true  \" data-center=\"background-position: 50% 0px;\" data-bottom-top=\"background-position: 50% 200px;\" data-top-bottom=\"background-position: 50% -200px;\" data-direction=\"vertical\"><div style=\"background-color:#000000;opacity:0.3;\" class=\"mk-section-color-mask\"><\/div><div class=\"mk-grid vc_row-fluid page-section-content\"><div class=\"mk-padding-wrapper\">\n\t<div style=\"\" class=\"vc_span12 wpb_column column_container \">\n\t\t\t<div class=\"clearboth\"><\/div><div class=\"mk-shortcode mk-padding-shortcode\" style=\"height:30px\"><\/div><div class=\"clearboth\"><\/div><h3 style=\"font-size: 30px;text-align:center;line-height:36px;letter-spacing:5px;color: #ffffff;font-weight:bold;margin-bottom:80px;\" id=\"fancy-title-1131\" class=\"mk-fancy-title avantgarde-title center-align  mk-animate-element flip-x  \"><span class=\"fancy-title-span\" ><span id=\"result_box\" class=\"short_text\" lang=\"en\"><span class=\"hps\">NOS ATOUTS<br \/>\n<\/span><\/span><\/span><\/h3><style type=\"text\/css\">\n                    #fancy-title-1131:after, #fancy-title-1131:before {\n                        background-color:rgba(255,255,255,0.4)\n                    }\n                <\/style><div class=\"mk-process-steps light-skin horizontal \"><div class=\"step-panes\"><div id=\"1401453722-1-97\" class=\"mk-step\"><i class=\"step-icon mk-icon-comments-o\"><\/i><div class=\"step-holder\"><div class=\"step-title\">PROFESSIONNALISME, DISPONIBILIT\u00c9, \u00c9COUTE<\/div><span class=\"step-desc\">En accord avec notre objectif principal de proposer \u00e0 nos clients des prestations en parfaite coh\u00e9rence avec leurs objectifs, nous mettons un point d\u2019honneur \u00e0 nous rendre disponibles et \u00e0 l'\u00e9coute des attentes tout en apportant conseils et cr\u00e9ativit\u00e9.<\/span><div class=\"step-content\"><\/div><\/div><\/div><div id=\"1401453722-2-67\" class=\"mk-step\"><i class=\"step-icon mk-icon-heart\"><\/i><div class=\"step-holder\"><div class=\"step-title\">CONVIVIALIT\u00c9 ET PLAISIR DANS LA R\u00c9ALISATION DE NOS PRESTATIONS<\/div><span class=\"step-desc\">Plus qu'un m\u00e9tier, une passion ! Nous aimons faire plaisir aux autres, organiser des \u00e9v\u00e9nements uniques apportant un enrichissement personnel \u00e0 chacun. Ce pourquoi, chaque jour, nous partageons ces valeurs avec notre entourage : clients, collaborateurs et partenaires. <\/span><div class=\"step-content\"><\/div><\/div><\/div><div id=\"1401454154070-2-1\" class=\"mk-step\"><i class=\"step-icon mk-icon-check-square\"><\/i><div class=\"step-holder\"><div class=\"step-title\">RIGUEUR ET CONTR\u00d4LE SYST\u00c9MATIQUE DE LA QUALIT\u00c9<\/div><span class=\"step-desc\">Pour vous offrir la meilleure prestation, nous veillons \u00e0 ne rien n\u00e9gliger : qualit\u00e9 du mat\u00e9riel, r\u00e9f\u00e9rences des prestataires, moyens de communication, planning des intervenants\u2026 Chaque maillon de la cha\u00eene est test\u00e9 et contr\u00f4l\u00e9 pour nous assurer qu\u2019il contribuera comme il se doit \u00e0 l\u2019organisation d\u2019une prestation de qualit\u00e9. <\/span><div class=\"step-content\"><\/div><\/div><\/div><\/div><ul class=\"step-items\"><li><span data-id=\"1401453722-1-97\"><i class=\"step-icon mk-icon-comments-o\"><\/i><\/span><\/li><li><span data-id=\"1401453722-2-67\"><i class=\"step-icon mk-icon-heart\"><\/i><\/span><\/li><li><span data-id=\"1401454154070-2-1\"><i class=\"step-icon mk-icon-check-square\"><\/i><\/span><\/li><\/ul><\/div>\n\t<\/div><\/div><div class=\"clearboth\"><\/div><\/div><div class=\"clearboth\"><\/div><\/div>\n<style type=\"text\/css\">\n.page-section-3049\n{\n    padding:90px 0;\n    background-image:url(http:\/\/www.artemis-events.fr\/wp-content\/uploads\/2014\/05\/temoignages1.jpg); \n    background-attachment:fixed;\n    \n    background-position:left top;\n    background-repeat:repeat;\n    \n}\n.page-section-3049 .alt-title span\n{\n\t\n}\n<\/style><div class=\"theme-page-wrapper -layout mk-grid vc_row-fluid no-padding\"><div class=\"theme-content no-padding\"><div class=\"clearboth\"><\/div><\/div><\/div><div class=\"page-section-8571 fullwidth-false full-height-false  mk-video-holder mk-page-section parallax-false  \" data-direction=\"vertical\"><div class=\"mk-section-color-mask\"><\/div><div class=\"mk-grid vc_row-fluid page-section-content\"><div class=\"mk-padding-wrapper\">\n\t<div style=\"\" class=\"vc_span12 wpb_column column_container \">\n\t\t\t<div class=\"clearboth\"><\/div><div class=\"mk-shortcode mk-padding-shortcode\" style=\"height:100px\"><\/div><div class=\"clearboth\"><\/div><h3 style=\"font-size: 30px;text-align:center;line-height:36px;letter-spacing:5px;color: #333333;font-weight:bold;margin-bottom:80px;\" id=\"fancy-title-7485\" class=\"mk-fancy-title avantgarde-title center-align  mk-animate-element flip-x  \"><span class=\"fancy-title-span\" >PARMI NOS CLIENTS<\/span><\/h3><style type=\"text\/css\">\n                    #fancy-title-7485:after, #fancy-title-7485:before {\n                        background-color:rgba(51,51,51,0.4)\n                    }\n                <\/style><div id=\"clients-shortcode-833\" style=\"border-left:1px solid #f4f6f5;border-top:1px solid #f4f6f5;\" class=\"mk-clients-shortcode three-column column-style bg-cover-false \"><ul class=\"\"><li class=\"client-item \"><div class=\"client-item-wrapper\" style=\"border-color:#f4f6f5;\"><div title=\"WERELDAVE\" class=\"client-logo\" style=\"background-image:url(http:\/\/www.artemis-events.fr\/wp-content\/uploads\/2019\/09\/WERELDAVE.png); height:300px;background-color:#ffffff;\"><\/div><\/div><\/li><li class=\"client-item \"><div class=\"client-item-wrapper\" style=\"border-color:#f4f6f5;\"><div title=\"CEETRUS\" class=\"client-logo\" style=\"background-image:url(http:\/\/www.artemis-events.fr\/wp-content\/uploads\/2019\/09\/CEETRUS-e1568052404594.png); height:300px;background-color:#ffffff;\"><\/div><\/div><\/li><li class=\"client-item \"><div class=\"client-item-wrapper\" style=\"border-color:#f4f6f5;\"><div title=\"KLEPIERRE\" class=\"client-logo\" style=\"background-image:url(http:\/\/www.artemis-events.fr\/wp-content\/uploads\/2019\/09\/klepierre_logo-e1568052623987.png); height:300px;background-color:#ffffff;\"><\/div><\/div><\/li><li class=\"client-item \"><div class=\"client-item-wrapper\" style=\"border-color:#f4f6f5;\"><div title=\"CATINVEST\" class=\"client-logo\" style=\"background-image:url(http:\/\/www.artemis-events.fr\/wp-content\/uploads\/2019\/09\/CATINVEST-e1568052330506.jpg); height:300px;background-color:#ffffff;\"><\/div><\/div><\/li><li class=\"client-item \"><div class=\"client-item-wrapper\" style=\"border-color:#f4f6f5;\"><div title=\"ALTAREA COGEDIM\" class=\"client-logo\" style=\"background-image:url(http:\/\/www.artemis-events.fr\/wp-content\/uploads\/2019\/09\/ALTAREA.jpg); height:300px;background-color:#ffffff;\"><\/div><\/div><\/li><li class=\"client-item \"><div class=\"client-item-wrapper\" style=\"border-color:#f4f6f5;\"><div title=\"UNIBAIL-RODAMCO-WESTFIELD\" class=\"client-logo\" style=\"background-image:url(http:\/\/www.artemis-events.fr\/wp-content\/uploads\/2019\/09\/URW-e1568052706975.png); height:300px;background-color:#ffffff;\"><\/div><\/div><\/li><\/ul><div class=\"clearboth\"><\/div><\/div><div class=\"clearboth\"><\/div><div class=\"mk-shortcode mk-padding-shortcode\" style=\"height:100px\"><\/div><div class=\"clearboth\"><\/div>\n\t<\/div><\/div><div class=\"clearboth\"><\/div><\/div><div class=\"clearboth\"><\/div><\/div>\n<style type=\"text\/css\">\n.page-section-8571\n{\n    padding:0px 0;\n    \n    background-attachment:scroll;\n    background-color:#ffffff;\n    background-position:left top;\n    background-repeat:repeat;\n    border:1px solid #ffffff;border-left:none;border-right:none;\n}\n.page-section-8571 .alt-title span\n{\n\tbackground-color:#ffffff;\n}\n<\/style><div class=\"theme-page-wrapper -layout mk-grid vc_row-fluid no-padding\"><div class=\"theme-content no-padding\"><div class=\"clearboth\"><\/div><\/div><\/div><div class=\"page-section-9915 fullwidth-false full-height-false mk-background-stretch  mk-video-holder mk-page-section parallax-true  \" data-center=\"background-position: 50% 0px;\" data-bottom-top=\"background-position: 50% 200px;\" data-top-bottom=\"background-position: 50% -200px;\" data-direction=\"vertical\"><div style=\"background-color:#000000;opacity:0.4;\" class=\"mk-section-color-mask\"><\/div><div class=\"mk-grid vc_row-fluid page-section-content\"><div class=\"mk-padding-wrapper\">\n\t<div style=\"\" class=\"vc_span2 wpb_column column_container \">\n\t\t\t\n\t<\/div>\n\t<div style=\"\" class=\"vc_span8 wpb_column column_container \">\n\t\t\t<div class=\"wpb_row vc_row-fluid  mk-fullwidth-false add-padding-0 attched-false\">\n\t<div style=\"\" class=\"vc_span6 wpb_column column_container \">\n\t\t\t<div class=\"mk-box-text light-skin  mk-animate-element flip-x \"><i style=\"font-size:64px\" class=\"mk-theme-icon-office\"><\/i><span class=\"icon-txt-default\">LOCATE US<\/span><span class=\"icon-txt-hover\">58 Chemin du Murger \u00e0 Jamais, 91620 LA VILLE DU BOIS \u2013 FRANCE<\/span><\/div>\n\t<\/div>\n\t<div style=\"\" class=\"vc_span6 wpb_column column_container \">\n\t\t\t<div class=\"mk-box-text light-skin  mk-animate-element flip-x \"><i style=\"font-size:64px\" class=\"mk-theme-icon-email\"><\/i><span class=\"icon-txt-default\">WRITE US<\/span><span class=\"icon-txt-hover\">contact@artemis-events.com<\/span><\/div>\n\t<\/div><\/div><div class=\"clearboth\"><\/div><div class=\"mk-shortcode mk-padding-shortcode\" style=\"height:30px\"><\/div><div class=\"clearboth\"><\/div><div class=\"mk-contact-form-wrapper light-skin \">\n    <form class=\"mk-contact-form\" method=\"post\" novalidate=\"novalidate\">\n        <div class=\"mk-form-row\"><i class=\"mk-icon-user\"><\/i><input placeholder=\"FULL NAME\" type=\"text\" required=\"required\" name=\"contact_name\" class=\"text-input\" value=\"\" tabindex=\"861\" \/><\/div>\n        <div class=\"mk-form-row\"><i class=\"mk-icon-envelope-o\"><\/i><input placeholder=\"EMAIL\" type=\"email\" required=\"required\" name=\"contact_email\" class=\"text-input\" value=\"\" tabindex=\"862\" \/><\/div>\n        <textarea required=\"required\" placeholder=\"SHORT MESSAGE\" name=\"contact_content\" class=\"mk-textarea\" tabindex=\"863\"><\/textarea>\n        <div class=\"button-row\"><button tabindex=\"864\" class=\"mk-button outline-button medium\">SUBMIT<\/button><\/div>\n        <i class=\"mk-contact-loading mk-icon-refresh\"><\/i>\n        <i class=\"mk-contact-success mk-theme-icon-tick\"><\/i>\n        <input type=\"hidden\" value=\"c&#111;&#110;&#116;a&#99;&#116;&#64;ar&#116;e&#109;is-e&#118;e&#110;t&#115;.co&#109;\" name=\"contact_to\"\/>\n    <\/form>\n    <div class=\"clearboth\"><\/div>\n\n<\/div>\n\t<\/div>\n\t<div style=\"\" class=\"vc_span2 wpb_column column_container \">\n\t\t\t\n\t<\/div><\/div><div class=\"clearboth\"><\/div><\/div><div class=\"clearboth\"><\/div><\/div>\n<style type=\"text\/css\">\n.page-section-9915\n{\n    padding:120px 0;\n    background-image:url(http:\/\/www.artemis-events.fr\/wp-content\/uploads\/2014\/05\/fond_contact_2.jpg); \n    background-attachment:fixed;\n    \n    background-position:left top;\n    background-repeat:repeat;\n    \n}\n.page-section-9915 .alt-title span\n{\n\t\n}\n<\/style><div class=\"theme-page-wrapper -layout mk-grid vc_row-fluid no-padding\"><div class=\"theme-content no-padding\">\n","protected":false},"excerpt":{"rendered":"","protected":false},"author":1,"featured_media":0,"parent":0,"menu_order":3,"comment_status":"open","ping_status":"open","template":"","meta":[],"_links":{"self":[{"href":"http:\/\/www.artemis-events.fr\/index.php?rest_route=\/wp\/v2\/pages\/156"}],"collection":[{"href":"http:\/\/www.artemis-events.fr\/index.php?rest_route=\/wp\/v2\/pages"}],"about":[{"href":"http:\/\/www.artemis-events.fr\/index.php?rest_route=\/wp\/v2\/types\/page"}],"author":[{"embeddable":true,"href":"http:\/\/www.artemis-events.fr\/index.php?rest_route=\/wp\/v2\/users\/1"}],"replies":[{"embeddable":true,"href":"http:\/\/www.artemis-events.fr\/index.php?rest_route=%2Fwp%2Fv2%2Fcomments&post=156"}],"version-history":[{"count":36,"href":"http:\/\/www.artemis-events.fr\/index.php?rest_route=\/wp\/v2\/pages\/156\/revisions"}],"predecessor-version":[{"id":159,"href":"http:\/\/www.artemis-events.fr\/index.php?rest_route=\/wp\/v2\/pages\/156\/revisions\/159"}],"wp:attachment":[{"href":"http:\/\/www.artemis-events.fr\/index.php?rest_route=%2Fwp%2Fv2%2Fmedia&parent=156"}],"curies":[{"name":"wp","href":"https:\/\/api.w.org\/{rel}","templated":true}]}}