{"id":265,"date":"2014-06-06T10:10:01","date_gmt":"2014-06-06T09:10:01","guid":{"rendered":"http:\/\/localhost:8888\/?page_id=265"},"modified":"2014-09-17T23:09:08","modified_gmt":"2014-09-17T22:09:08","slug":"nos-clients","status":"publish","type":"page","link":"http:\/\/www.artemis-events.fr\/?page_id=265","title":{"rendered":"Nos clients"},"content":{"rendered":"<\/div><\/div><div class=\"wpb_row vc_row-fluid  mk-fullwidth-true add-padding-0 attched-false\">\n\t<div style=\"\" class=\"vc_span12 wpb_column column_container \">\n\t\t\t<header data-sticky-height=\"91\" class=\"mk-secondary-header sticky-trigger-header  \"><div class=\"mk-grid\"><nav id=\"mk-main-navigation\"><ul id=\"menu-artemis_menu\" class=\"main-navigation-ul\"><li class=\"responsive-nav-link\"><i class=\"mk-theme-icon-responsive\"><\/i><\/li><li class=\"mk-header-logo mobile-menu-exists\"><a href=\"http:\/\/www.artemis-events.fr\/\" title=\"Art\u00e9mis Events | Cr\u00e9ateur de vos \u00e9v\u00e9nements\"><img alt=\"Art\u00e9mis Events | Cr\u00e9ateur de vos \u00e9v\u00e9nements\" class=\"mk-dark-logo\" src=\"http:\/\/www.artemis-events.fr\/wp-content\/uploads\/2014\/05\/Logo_Retina_Artemis_Events.png\" data-retina-src=\"http:\/\/www.artemis-events.fr\/wp-content\/uploads\/2014\/05\/Logo_Retina_Artemis_Events.png\" \/><img alt=\"Art\u00e9mis Events | Cr\u00e9ateur de vos \u00e9v\u00e9nements\" class=\"mk-mobile-logo\" src=\"http:\/\/www.artemis-events.fr\/wp-content\/uploads\/2014\/05\/Logo_Retina_Artemis_Events.png\" data-retina-src=\"http:\/\/www.artemis-events.fr\/wp-content\/uploads\/2014\/05\/Logo_Retina_Artemis_Events.png\" \/><img alt=\"Art\u00e9mis Events | Cr\u00e9ateur de vos \u00e9v\u00e9nements\" class=\"mk-light-logo\" src=\"http:\/\/www.artemis-events.fr\/wp-content\/uploads\/2014\/09\/Logo_Retina_Artemis_Events_light.png\" data-retina-src=\"\" \/><\/a><\/li><li id=\"menu-item-16\" class=\"menu-item menu-item-type-post_type menu-item-object-page menu-item-home\"><a href=\"http:\/\/www.artemis-events.fr\/\">Home<\/a><\/li>\n<li id=\"menu-item-116\" class=\"menu-item menu-item-type-post_type menu-item-object-page menu-item-has-children\"><a href=\"http:\/\/www.artemis-events.fr\/?page_id=92\">Produits<\/a>\n<ul class=\"sub-menu \">\n\t<li id=\"menu-item-151\" class=\"menu-item menu-item-type-post_type menu-item-object-page\"><a href=\"http:\/\/www.artemis-events.fr\/?page_id=140\"><i class=\"mk-theme-icon-next-big\"><\/i>B TO B<\/a><\/li>\n\t<li id=\"menu-item-152\" class=\"menu-item menu-item-type-post_type menu-item-object-page\"><a href=\"http:\/\/www.artemis-events.fr\/?page_id=134\"><i class=\"mk-theme-icon-next-big\"><\/i>B to C<\/a><\/li>\n<\/ul>\n<\/li>\n<li id=\"menu-item-173\" class=\"menu-item menu-item-type-post_type menu-item-object-page\"><a href=\"http:\/\/www.artemis-events.fr\/?page_id=156\">Agence<\/a><\/li>\n<li id=\"menu-item-234\" class=\"menu-item menu-item-type-post_type menu-item-object-page\"><a href=\"http:\/\/www.artemis-events.fr\/?page_id=230\">Portfolio<\/a><\/li>\n<li id=\"menu-item-269\" class=\"menu-item menu-item-type-post_type menu-item-object-page\"><a href=\"http:\/\/www.artemis-events.fr\/?page_id=265\">Nos clients<\/a><\/li>\n<li id=\"menu-item-253\" class=\"menu-item menu-item-type-post_type menu-item-object-page\"><a href=\"http:\/\/www.artemis-events.fr\/?page_id=242\">Contact<\/a><\/li>\n<li class=\"dashboard-trigger res-mode\"><i class=\"mk-theme-icon-dashboard\"><\/i><\/li><li class=\"mk-header-search\">\n\t\t\t<a class=\"header-search-icon\" href=\"#\"><i class=\"mk-icon-search\"><\/i><\/a>\n\t\t<\/li><\/ul><\/nav><form method=\"get\" class=\"header-searchform-input\" action=\"http:\/\/www.artemis-events.fr\">\n            <input class=\"search-ajax-input\" type=\"text\" value=\"\" name=\"s\" id=\"s\" \/>\n            <input value=\"\" type=\"submit\" \/>\n            <a href=\"#\" class=\"header-search-close\"><i class=\"mk-theme-icon-cancel\"><\/i><\/a>\n   \t\t <\/form><\/div><div class=\"dashboard-trigger desktop-mode\"><i class=\"mk-theme-icon-dashboard\"><\/i><\/div><\/header><div style=\"height:91.666666666667px;\" class=\"secondary-header-space\"><\/div><div class=\"responsive-nav-container\"><\/div>\n\t<\/div><\/div><div class=\"theme-page-wrapper full-layout mk-grid vc_row-fluid no-padding\"><div class=\"theme-content no-padding\"><div class=\"clearboth\"><\/div><\/div><\/div><div class=\"page-section-9668 fullwidth-false full-height-false mk-background-stretch  mk-video-holder mk-page-section parallax-true  \" data-center=\"background-position: 50% 0px;\" data-bottom-top=\"background-position: 50% 200px;\" data-top-bottom=\"background-position: 50% -200px;\" data-direction=\"vertical\"><div style=\"background-color:#ffffff;opacity:0.2;\" class=\"mk-section-color-mask\"><\/div><div class=\"mk-grid vc_row-fluid page-section-content\"><div class=\"mk-padding-wrapper\">\n\t<div style=\"\" class=\"vc_span12 wpb_column column_container \">\n\t\t\t<div style=\"font-size: 30px;color: #000000;font-weight:bold;margin-top:0px;margin-bottom:10px;\" id=\"fancy-title-341\" class=\"mk-fancy-text title-box-center  mk-animate-element fade-in  \"><span style=\"background-color:rgba(255,255,255,0.8); box-shadow: 8px 0 0 rgba(255,255,255,0.8), -8px 0 0 rgba(255,255,255,0.8);line-height:50px\">\n<span style=\"color: #0ab6d1;\">NOS CLIENTS\n<\/span>\n<\/span><\/div><div class=\"clearboth\"><\/div>\n\t<\/div><\/div><div class=\"clearboth\"><\/div><\/div><div class=\"clearboth\"><\/div><\/div>\n<style type=\"text\/css\">\n.page-section-9668\n{\n    padding:140px 0;\n    background-image:url(http:\/\/www.artemis-events.fr\/wp-content\/uploads\/2014\/05\/photos_produits_home.jpg); \n    background-attachment:fixed;\n    \n    background-position:center bottom;\n    background-repeat:repeat;\n    \n}\n.page-section-9668 .alt-title span\n{\n\t\n}\n<\/style><div class=\"theme-page-wrapper full-layout mk-grid vc_row-fluid no-padding\"><div class=\"theme-content no-padding\"><div class=\"clearboth\"><\/div><\/div><\/div><div class=\"page-section-6201 fullwidth-false full-height-false  mk-video-holder mk-page-section parallax-false  \" data-direction=\"vertical\"><div class=\"mk-section-color-mask\"><\/div><div class=\"mk-grid vc_row-fluid page-section-content\"><div class=\"mk-padding-wrapper\">\n\t<div style=\"\" class=\"vc_span12 wpb_column column_container \">\n\t\t\t<div class=\"clearboth\"><\/div><div class=\"mk-shortcode mk-padding-shortcode\" style=\"height:100px\"><\/div><div class=\"clearboth\"><\/div><div id=\"clients-shortcode-310\" style=\"border-left:1px solid #f4f6f5;border-top:1px solid #f4f6f5;\" class=\"mk-clients-shortcode three-column column-style bg-cover-false \"><ul class=\"\"><li class=\"client-item \"><div class=\"client-item-wrapper\" style=\"border-color:#f4f6f5;\"><div title=\"LIDL\" class=\"client-logo\" style=\"background-image:url(http:\/\/www.artemis-events.fr\/wp-content\/uploads\/2019\/09\/LOGO_LIDL_600x600-e1568052581742.png); height:300px;background-color:#ffffff;\"><\/div><\/div><\/li><li class=\"client-item \"><div class=\"client-item-wrapper\" style=\"border-color:#f4f6f5;\"><div title=\"WERELDAVE\" class=\"client-logo\" style=\"background-image:url(http:\/\/www.artemis-events.fr\/wp-content\/uploads\/2019\/09\/WERELDAVE.png); height:300px;background-color:#ffffff;\"><\/div><\/div><\/li><li class=\"client-item \"><div class=\"client-item-wrapper\" style=\"border-color:#f4f6f5;\"><div title=\"CEETRUS\" class=\"client-logo\" style=\"background-image:url(http:\/\/www.artemis-events.fr\/wp-content\/uploads\/2019\/09\/CEETRUS-e1568052404594.png); height:300px;background-color:#ffffff;\"><\/div><\/div><\/li><li class=\"client-item \"><div class=\"client-item-wrapper\" style=\"border-color:#f4f6f5;\"><div title=\"KLEPIERRE\" class=\"client-logo\" style=\"background-image:url(http:\/\/www.artemis-events.fr\/wp-content\/uploads\/2019\/09\/klepierre_logo-e1568052623987.png); height:300px;background-color:#ffffff;\"><\/div><\/div><\/li><li class=\"client-item \"><div class=\"client-item-wrapper\" style=\"border-color:#f4f6f5;\"><div title=\"CATINVEST\" class=\"client-logo\" style=\"background-image:url(http:\/\/www.artemis-events.fr\/wp-content\/uploads\/2019\/09\/CATINVEST-e1568052330506.jpg); height:300px;background-color:#ffffff;\"><\/div><\/div><\/li><li class=\"client-item \"><div class=\"client-item-wrapper\" style=\"border-color:#f4f6f5;\"><div title=\"ALTAREA COGEDIM\" class=\"client-logo\" style=\"background-image:url(http:\/\/www.artemis-events.fr\/wp-content\/uploads\/2019\/09\/ALTAREA.jpg); height:300px;background-color:#ffffff;\"><\/div><\/div><\/li><li class=\"client-item \"><div class=\"client-item-wrapper\" style=\"border-color:#f4f6f5;\"><div title=\"UNIBAIL-RODAMCO-WESTFIELD\" class=\"client-logo\" style=\"background-image:url(http:\/\/www.artemis-events.fr\/wp-content\/uploads\/2019\/09\/URW-e1568052706975.png); height:300px;background-color:#ffffff;\"><\/div><\/div><\/li><li class=\"client-item \"><div class=\"client-item-wrapper\" style=\"border-color:#f4f6f5;\"><a target=\"_self\" href=\"?portfolio_category=vinci\"><div title=\"Vinci\" class=\"client-logo\" style=\"background-image:url(http:\/\/www.artemis-events.fr\/wp-content\/uploads\/2014\/09\/Logo_vinci_2.png); height:300px;background-color:#ffffff;\"><\/div><\/a><\/div><\/li><li class=\"client-item \"><div class=\"client-item-wrapper\" style=\"border-color:#f4f6f5;\"><a target=\"_self\" href=\"?portfolio_category=gtm-batiment\"><div title=\"GTM B\u00e2timent\" class=\"client-logo\" style=\"background-image:url(http:\/\/www.artemis-events.fr\/wp-content\/uploads\/2014\/09\/Logo_gtm_2.png); height:300px;background-color:#ffffff;\"><\/div><\/a><\/div><\/li><li class=\"client-item \"><div class=\"client-item-wrapper\" style=\"border-color:#f4f6f5;\"><a target=\"_self\" href=\"?portfolio_category=shell\"><div title=\"Shell\" class=\"client-logo\" style=\"background-image:url(http:\/\/www.artemis-events.fr\/wp-content\/uploads\/2014\/09\/Logo_shell_2.png); height:300px;background-color:#ffffff;\"><\/div><\/a><\/div><\/li><li class=\"client-item \"><div class=\"client-item-wrapper\" style=\"border-color:#f4f6f5;\"><a target=\"_self\" href=\"?portfolio_category=sodexho-entertainment\"><div title=\"SODEXO ENTERTAINMENT\" class=\"client-logo\" style=\"background-image:url(http:\/\/www.artemis-events.fr\/wp-content\/uploads\/2014\/09\/Logo_sodexo_2.png); height:300px;background-color:#ffffff;\"><\/div><\/a><\/div><\/li><li class=\"client-item \"><div class=\"client-item-wrapper\" style=\"border-color:#f4f6f5;\"><a target=\"_self\" href=\"?portfolio_category=nrj\"><div title=\"NRJ\" class=\"client-logo\" style=\"background-image:url(http:\/\/www.artemis-events.fr\/wp-content\/uploads\/2014\/09\/Logo_nrj_2.png); height:300px;background-color:#ffffff;\"><\/div><\/a><\/div><\/li><li class=\"client-item \"><div class=\"client-item-wrapper\" style=\"border-color:#f4f6f5;\"><a target=\"_self\" href=\"?portfolio_category=wgarden\"><div title=\"WGarden\" class=\"client-logo\" style=\"background-image:url(http:\/\/www.artemis-events.fr\/wp-content\/uploads\/2014\/06\/Logo_wgarden_2.png); height:300px;background-color:#ffffff;\"><\/div><\/a><\/div><\/li><li class=\"client-item \"><div class=\"client-item-wrapper\" style=\"border-color:#f4f6f5;\"><a target=\"_self\" href=\"?portfolio_category=entreprisesconvivialite\"><div title=\"Entreprises & Convivialit\u00e9\" class=\"client-logo\" style=\"background-image:url(http:\/\/www.artemis-events.fr\/wp-content\/uploads\/2014\/06\/Logo_entrepriseconvivialite_2.png); height:300px;background-color:#ffffff;\"><\/div><\/a><\/div><\/li><li class=\"client-item \"><div class=\"client-item-wrapper\" style=\"border-color:#f4f6f5;\"><a target=\"_self\" href=\"?portfolio_category=bandai\"><div title=\"Bandai\" class=\"client-logo\" style=\"background-image:url(http:\/\/www.artemis-events.fr\/wp-content\/uploads\/2014\/06\/Logo_bandai_2.png); height:300px;background-color:#ffffff;\"><\/div><\/a><\/div><\/li><li class=\"client-item \"><div class=\"client-item-wrapper\" style=\"border-color:#f4f6f5;\"><a target=\"_self\" href=\"?portfolio_category=lagardere\"><div title=\"Lagard\u00e8re\" class=\"client-logo\" style=\"background-image:url(http:\/\/www.artemis-events.fr\/wp-content\/uploads\/2014\/06\/Logo_lagardere_2.png); height:300px;background-color:#ffffff;\"><\/div><\/a><\/div><\/li><li class=\"client-item \"><div class=\"client-item-wrapper\" style=\"border-color:#f4f6f5;\"><a target=\"_self\" href=\"?portfolio_category=lagrotteduyeti\"><div title=\"La Grotte Du Yeti\" class=\"client-logo\" style=\"background-image:url(http:\/\/www.artemis-events.fr\/wp-content\/uploads\/2014\/05\/Logo_LGDY_2.png); height:300px;background-color:#ffffff;\"><\/div><\/a><\/div><\/li><li class=\"client-item \"><div class=\"client-item-wrapper\" style=\"border-color:#f4f6f5;\"><a target=\"_self\" href=\"?portfolio_category=galeries-lafayette\"><div title=\"Galeries Lafayette\" class=\"client-logo\" style=\"background-image:url(http:\/\/www.artemis-events.fr\/wp-content\/uploads\/2012\/09\/Logo_galerielafayette_2.png); height:300px;background-color:#ffffff;\"><\/div><\/a><\/div><\/li><\/ul><div class=\"clearboth\"><\/div><\/div><div class=\"clearboth\"><\/div><div class=\"mk-shortcode mk-padding-shortcode\" style=\"height:100px\"><\/div><div class=\"clearboth\"><\/div>\n\t<\/div><\/div><div class=\"clearboth\"><\/div><\/div><div class=\"clearboth\"><\/div><\/div>\n<style type=\"text\/css\">\n.page-section-6201\n{\n    padding:0px 0;\n    \n    background-attachment:scroll;\n    background-color:#ffffff;\n    background-position:left top;\n    background-repeat:repeat;\n    border:1px solid #ffffff;border-left:none;border-right:none;\n}\n.page-section-6201 .alt-title span\n{\n\tbackground-color:#ffffff;\n}\n<\/style><div class=\"theme-page-wrapper -layout mk-grid vc_row-fluid no-padding\"><div class=\"theme-content no-padding\">\n","protected":false},"excerpt":{"rendered":"","protected":false},"author":1,"featured_media":0,"parent":0,"menu_order":5,"comment_status":"open","ping_status":"open","template":"","meta":[],"_links":{"self":[{"href":"http:\/\/www.artemis-events.fr\/index.php?rest_route=\/wp\/v2\/pages\/265"}],"collection":[{"href":"http:\/\/www.artemis-events.fr\/index.php?rest_route=\/wp\/v2\/pages"}],"about":[{"href":"http:\/\/www.artemis-events.fr\/index.php?rest_route=\/wp\/v2\/types\/page"}],"author":[{"embeddable":true,"href":"http:\/\/www.artemis-events.fr\/index.php?rest_route=\/wp\/v2\/users\/1"}],"replies":[{"embeddable":true,"href":"http:\/\/www.artemis-events.fr\/index.php?rest_route=%2Fwp%2Fv2%2Fcomments&post=265"}],"version-history":[{"count":9,"href":"http:\/\/www.artemis-events.fr\/index.php?rest_route=\/wp\/v2\/pages\/265\/revisions"}],"predecessor-version":[{"id":746,"href":"http:\/\/www.artemis-events.fr\/index.php?rest_route=\/wp\/v2\/pages\/265\/revisions\/746"}],"wp:attachment":[{"href":"http:\/\/www.artemis-events.fr\/index.php?rest_route=%2Fwp%2Fv2%2Fmedia&parent=265"}],"curies":[{"name":"wp","href":"https:\/\/api.w.org\/{rel}","templated":true}]}}