{"id":1467,"date":"2020-11-24T09:38:25","date_gmt":"2020-11-24T08:38:25","guid":{"rendered":"http:\/\/www.artemis-events.fr\/?page_id=1467"},"modified":"2020-11-24T09:38:25","modified_gmt":"2020-11-24T08:38:25","slug":"__test","status":"publish","type":"page","link":"https:\/\/www.artemis-events.fr\/?page_id=1467","title":{"rendered":"__test"},"content":{"rendered":"<div class=\"wpb_row vc_row-fluid  mk-fullwidth-false add-padding-0 attched-false\">\n\t<div style=\"\" class=\"vc_span12 wpb_column column_container \">\n\t\t\t[trx_sc_promo title_style=\u00a0\u00bbdefault\u00a0\u00bb link_style=\u00a0\u00bbdefault\u00a0\u00bb image_position=\u00a0\u00bbleft\u00a0\u00bb size=\u00a0\u00bbnormal\u00a0\u00bb full_height=\u00a0\u00bb1&Prime; text_paddings=\u00a0\u00bb1&Prime; image=\u00a0\u00bb2491&Prime;][vc_empty_space height=\u00a0\u00bb2rem\u00a0\u00bb alter_height=\u00a0\u00bbnone\u00a0\u00bb hide_on_desktop=\u00a0\u00bb\u00a0\u00bb hide_on_notebook=\u00a0\u00bb\u00a0\u00bb hide_on_tablet=\u00a0\u00bb\u00a0\u00bb hide_on_mobile=\u00a0\u00bb\u00a0\u00bb]<div class=\"wpb_row vc_row-fluid  mk-fullwidth-false add-padding-0 attched-false\">\n\t<div style=\"\" class=\"vc_span12 wpb_column column_container \">\n\t\t\t[trx_sc_title title_style=\u00a0\u00bbhuge\u00a0\u00bb title_align=\u00a0\u00bbcenter\u00a0\u00bb link_style=\u00a0\u00bbdefault\u00a0\u00bb shadow_bg_text=\u00a0\u00bbcoach\u00a0\u00bb shadow_bg_text_size=\u00a0\u00bbbig\u00a0\u00bb title=\u00a0\u00bbL&rsquo;\u00e9ducateur sportif Coach&rsquo;inside\u00a0\u00bb subtitle=\u00a0\u00bbFaites de l&rsquo;exercice plus intelligemment\u00a0\u00bb description=\u00a0\u00bbDEWET ALEXIS, \u00e9ducateur Sportif (coach sportif) dipl\u00f4m\u00e9 d\u2019Etat et universitaire en Sport &amp; Sant\u00e9, sp\u00e9cialis\u00e9 en course \u00e0 pied, musculation et cardio-training.<\/p>\n<p>En tant que sportif passionn\u00e9, j\u2019ai d\u00e9cid\u00e9 de me professionnaliser dans le coaching \u00e0 domicile, sur mesure \u00e0 Reims et ses environs.<\/p>\n<p>Mon objectif est de faire en sorte que le coaching \u00e0 domicile, personnel soit un moment convivial et surtout qu\u2019il vous permet d\u2019obtenir des r\u00e9sultats plus rapidement et en s\u00e9curit\u00e9 pour vous permettre d&rsquo;avoir la sant\u00e9 ou la silhouette dont vous souhaitez.<\/p>\n<p>Afin de mieux vous encadrer et r\u00e9pondre \u00e0 vos besoins, j&rsquo;ai aussi pass\u00e9 un dipl\u00f4me Universitaire Sport &amp; Sant\u00e9 \u00e0 la Facult\u00e9 de m\u00e9decine Piti\u00e8-Salp\u00eatri\u00e8re en 2017 pour vous aider \u00e0 retrouver la sant\u00e9 ( vivre au mieux votre pathologie) ou une autonomie parfaite.\u00a0\u00bb color=\u00a0\u00bb\u00a0\u00bb][vc_empty_space height=\u00a0\u00bb2.3rem\u00a0\u00bb alter_height=\u00a0\u00bbnone\u00a0\u00bb hide_on_desktop=\u00a0\u00bb\u00a0\u00bb hide_on_notebook=\u00a0\u00bb\u00a0\u00bb hide_on_tablet=\u00a0\u00bb\u00a0\u00bb hide_on_mobile=\u00a0\u00bb\u00a0\u00bb][trx_sc_button type=\u00a0\u00bbdefault\u00a0\u00bb color_style=\u00a0\u00bblink2&Prime; align=\u00a0\u00bbcenter\u00a0\u00bb hide_on_desktop=\u00a0\u00bb\u00a0\u00bb hide_on_notebook=\u00a0\u00bb\u00a0\u00bb hide_on_tablet=\u00a0\u00bb\u00a0\u00bb hide_on_mobile=\u00a0\u00bb\u00a0\u00bb link=\u00a0\u00bb\/contact\/\u00a0\u00bb title=\u00a0\u00bbcommencer l&rsquo;entrainement\u00a0\u00bb icon_type=\u00a0\u00bbfontawesome\u00a0\u00bb icon_fontawesome=\u00a0\u00bb\u00a0\u00bb]\n\t<\/div><\/div>[vc_empty_space height=\u00a0\u00bb3rem\u00a0\u00bb alter_height=\u00a0\u00bbnone\u00a0\u00bb hide_on_desktop=\u00a0\u00bb\u00a0\u00bb hide_on_notebook=\u00a0\u00bb\u00a0\u00bb hide_on_tablet=\u00a0\u00bb\u00a0\u00bb hide_on_mobile=\u00a0\u00bb1&Prime;][\/trx_sc_promo]\n\t<\/div><\/div><div class=\"wpb_row vc_row-fluid  mk-fullwidth-false add-padding-0 attched-false\">\n\t<div style=\"\" class=\"vc_span12 wpb_column column_container \">\n\t\t\t[trx_sc_promo title_style=\u00a0\u00bbdefault\u00a0\u00bb link_style=\u00a0\u00bbdefault\u00a0\u00bb image_position=\u00a0\u00bbright\u00a0\u00bb size=\u00a0\u00bbnormal\u00a0\u00bb full_height=\u00a0\u00bb1&Prime; text_paddings=\u00a0\u00bb1&Prime; image=\u00a0\u00bb2211&Prime;][vc_empty_space height=\u00a0\u00bb2rem\u00a0\u00bb alter_height=\u00a0\u00bbnone\u00a0\u00bb hide_on_desktop=\u00a0\u00bb\u00a0\u00bb hide_on_notebook=\u00a0\u00bb\u00a0\u00bb hide_on_tablet=\u00a0\u00bb\u00a0\u00bb hide_on_mobile=\u00a0\u00bb\u00a0\u00bb]<div class=\"wpb_row vc_row-fluid  mk-fullwidth-false add-padding-0 attched-false\">\n\t<div style=\"\" class=\"vc_span9 wpb_column column_container \">\n\t\t\t[trx_sc_title title_style=\u00a0\u00bbhuge\u00a0\u00bb link_style=\u00a0\u00bbdefault\u00a0\u00bb title=\u00a0\u00bbMes domaines d&rsquo;expertise\u00a0\u00bb description=\u00a0\u00bb#E-8_QWZpbiUyMGRlJTIwY29tcGwlQzMlQTl0ZXIlMjBsYSUyMHBhbGV0dGUlMjBkZSUyMG1lcyUyMHNlcnZpY2VzJTIwZGUlMjBjb2FjaGluZyUyMGV0JTIwcHJvcG9zZXIlMjBkZXMlMjBwcmVzdGF0aW9ucyUyMGxlcyUyMHBsdXMlMjBjb21wbCVDMyVBOHRlcyUyMHBvc3NpYmxlJTJDJTIwamUlMjBzdWlzJTIwJUMzJUE5Z2FsZW1lbnQlMjBtYXNzZXVyJTIwcHJhdGljaWVuJTIwYmllbi0lQzMlQUF0cmUlMjAlQzMlQTAlMjBkb21pY2lsZS4lMjAlMEFFbiUyMDIwMTglMjBqZSUyMG1lJTIwc3VpcyUyMGF1c3NpJTIwZm9ybSVDMyVBOSUyMGRhbnMlMjBsZSUyMGNlbnRyZSUyMHNwJUMzJUE5Y2lhbGlzJUMzJUE5JTIwZGFucyUyMGxlcyUyMG0lQzMlQTl0aWVycyUyMGRlJTIwbGElMjBuYXR1cm9wYXRoaWUlMjBldCUyMGR1JTIwbWFzc2FnZSUyMEJpZW4tJUMzJUFBdHJlJTJDJTIwJUMzJUEwJTIwbCUyN2luc3RpdHV0JTIwRnJhbiVDMyVBN2Fpc2UlMjBkZXMlMjBTY2llbmNlcyUyMGRlJTIwbCUyN0hvbW1lJTIwJTIySUZTSCUyMiUyMGRlJTIwTmljZSUyMHF1aSUyMGVzdCUyMHVuJTIwY2VudHJlJTIwYWdyJUMzJUE5JUMzJUE5JTIwYWZpbiUyMGRlJTIwdm91cyUyMGFjY29tcGFnbmVyJTIwbGUlMjBwbHVzJTIwZWZmaWNhY2VtZW50JTIwcG9zc2libGUuJTBBJTBBSmUlMjBtZSUyMHN1aXMlMjBkb25jJTIwc3AlQzMlQTljaWFsaXMlQzMlQTklMjBkYW5zJTIwbGUlMjBtYXNzYWdlJTIwRGVlcCUyMFRpc3N1ZSUyMGV0JTIwbWFzc2FnZSUyMHNwb3J0aWYlMjAlM0ElMjAlM0NhJTIwaHJlZiUzRCUyMmh0dHAlM0ElMkYlMkZ3d3cuZGVlcC1tYXNzYWdlLXJlaW1zLmZyJTIyJTIwdGFyZ2V0JTNEX2JsYW5rJTNFRGVlcCUyME1hc3NhZ2UlMjBSZWltcyUzQyUyRmElM0U=\u00a0\u00bb color=\u00a0\u00bb\u00a0\u00bb][vc_empty_space height=\u00a0\u00bb2.3rem\u00a0\u00bb alter_height=\u00a0\u00bbnone\u00a0\u00bb hide_on_desktop=\u00a0\u00bb\u00a0\u00bb hide_on_notebook=\u00a0\u00bb\u00a0\u00bb hide_on_tablet=\u00a0\u00bb\u00a0\u00bb hide_on_mobile=\u00a0\u00bb\u00a0\u00bb][vc_progress_bar values=\u00a0\u00bb%5B%7B%22label%22%3A%22Running%22%2C%22value%22%3A%2295%22%7D%2C%7B%22label%22%3A%22Coaching%22%2C%22value%22%3A%2290%22%7D%2C%7B%22label%22%3A%22Spartan%20Race%20%26%20OCR%22%2C%22value%22%3A%2288%22%7D%2C%7B%22label%22%3A%22Massage%22%2C%22value%22%3A%2292%22%7D%5D\u00a0\u00bb bgcolor=\u00a0\u00bbcustom\u00a0\u00bb narrow=\u00a0\u00bb1&Prime; units=\u00a0\u00bb%\u00a0\u00bb custombgcolor=\u00a0\u00bb#fe020f\u00a0\u00bb]\n\t<\/div><\/div>[vc_empty_space height=\u00a0\u00bb3rem\u00a0\u00bb alter_height=\u00a0\u00bbnone\u00a0\u00bb hide_on_desktop=\u00a0\u00bb\u00a0\u00bb hide_on_notebook=\u00a0\u00bb\u00a0\u00bb hide_on_tablet=\u00a0\u00bb\u00a0\u00bb hide_on_mobile=\u00a0\u00bb1&Prime;][\/trx_sc_promo]\n\t<\/div><\/div><div class=\"wpb_row vc_row-fluid  mk-fullwidth-false add-padding-0 attched-false\">\n\t<div style=\"\" class=\"vc_span12 wpb_column column_container \">\n\t\t\t[trx_sc_promo title_style=\u00a0\u00bbdefault\u00a0\u00bb link_style=\u00a0\u00bbdefault\u00a0\u00bb image_position=\u00a0\u00bbleft\u00a0\u00bb size=\u00a0\u00bbnormal\u00a0\u00bb full_height=\u00a0\u00bb1&Prime; text_paddings=\u00a0\u00bb1&Prime; image=\u00a0\u00bb2206&Prime;][vc_empty_space height=\u00a0\u00bb2rem\u00a0\u00bb alter_height=\u00a0\u00bbnone\u00a0\u00bb hide_on_desktop=\u00a0\u00bb\u00a0\u00bb hide_on_notebook=\u00a0\u00bb\u00a0\u00bb hide_on_tablet=\u00a0\u00bb\u00a0\u00bb hide_on_mobile=\u00a0\u00bb\u00a0\u00bb]<div class=\"wpb_row vc_row-fluid  mk-fullwidth-false add-padding-0 attched-false\">\n\t<div style=\"\" class=\"vc_span12 wpb_column column_container \">\n\t\t\t[trx_sc_title title_style=\u00a0\u00bbhuge\u00a0\u00bb link_style=\u00a0\u00bbdefault\u00a0\u00bb title=\u00a0\u00bbMon pass\u00e9 sportif\u00a0\u00bb description=\u00a0\u00bbCoureur de 800 m\u00e8tres, j&rsquo;ai r\u00e9alis\u00e9 :<\/p>\n<p>&#8211; 1\u201952\u00a0\u00bb55 sur 800 m\u00e8tres<\/p>\n<p>&#8211; 32\u201926 sur 10 kilom\u00e8tres route<\/p>\n<p>&#8211; 15&rsquo;27\u201c sur 5 000 m\u00e8tres<\/p>\n<p>&#8211; 1h13&rsquo;58\u201c sur semi-marathon (2015 RunInReims).<\/p>\n<p>En 2017 je me lance dans une nouvelle discipline, la course \u00e0 obstacle en participant aux franchises Spartan Race. Pour ma premi\u00e9re participation je gagne la course en comp\u00e9titive ce qui me qualifie pour les Championnats d&rsquo;Europe \u00e0 Andorre o\u00f9 je termine 10\u00e8me et 4\u00e8me en cat\u00e9gorie d&rsquo;\u00e2ge.<\/p>\n<p>3 semaines plus tard en Pologne je me qualifie aux championnats du monde aux \u00c9tat-Unis.\u00a0\u00bb color=\u00a0\u00bb\u00a0\u00bb][vc_empty_space height=\u00a0\u00bb2.3rem\u00a0\u00bb alter_height=\u00a0\u00bbnone\u00a0\u00bb hide_on_desktop=\u00a0\u00bb\u00a0\u00bb hide_on_notebook=\u00a0\u00bb\u00a0\u00bb hide_on_tablet=\u00a0\u00bb\u00a0\u00bb hide_on_mobile=\u00a0\u00bb\u00a0\u00bb][trx_sc_button type=\u00a0\u00bbdefault\u00a0\u00bb color_style=\u00a0\u00bblink2&Prime; align=\u00a0\u00bbcenter\u00a0\u00bb hide_on_desktop=\u00a0\u00bb\u00a0\u00bb hide_on_notebook=\u00a0\u00bb\u00a0\u00bb hide_on_tablet=\u00a0\u00bb\u00a0\u00bb hide_on_mobile=\u00a0\u00bb\u00a0\u00bb link=\u00a0\u00bb\/contact\/\u00a0\u00bb title=\u00a0\u00bbVous voulez pr\u00e9parer une Spartan Race ?\u00a0\u00bb icon_type=\u00a0\u00bbfontawesome\u00a0\u00bb icon_fontawesome=\u00a0\u00bb\u00a0\u00bb]\n\t<\/div><\/div>[vc_empty_space height=\u00a0\u00bb3rem\u00a0\u00bb alter_height=\u00a0\u00bbnone\u00a0\u00bb hide_on_desktop=\u00a0\u00bb\u00a0\u00bb hide_on_notebook=\u00a0\u00bb\u00a0\u00bb hide_on_tablet=\u00a0\u00bb\u00a0\u00bb hide_on_mobile=\u00a0\u00bb1&Prime;][\/trx_sc_promo]\n\t<\/div><\/div><div class=\"wpb_row vc_row-fluid  mk-fullwidth-false add-padding-0 attched-false\">\n\t<div style=\"\" class=\"vc_span12 wpb_column column_container \">\n\t\t\t[vc_empty_space height=\u00a0\u00bb3rem\u00a0\u00bb alter_height=\u00a0\u00bbnone\u00a0\u00bb hide_on_desktop=\u00a0\u00bb\u00a0\u00bb hide_on_notebook=\u00a0\u00bb\u00a0\u00bb hide_on_tablet=\u00a0\u00bb\u00a0\u00bb hide_on_mobile=\u00a0\u00bb\u00a0\u00bb][vc_empty_space height=\u00a0\u00bb3.55rem\u00a0\u00bb alter_height=\u00a0\u00bbnone\u00a0\u00bb hide_on_desktop=\u00a0\u00bb\u00a0\u00bb hide_on_notebook=\u00a0\u00bb\u00a0\u00bb hide_on_tablet=\u00a0\u00bb\u00a0\u00bb hide_on_mobile=\u00a0\u00bb\u00a0\u00bb][trx_sc_title title_style=\u00a0\u00bbhuge\u00a0\u00bb title_align=\u00a0\u00bbcenter\u00a0\u00bb link_style=\u00a0\u00bbdefault\u00a0\u00bb scheme=\u00a0\u00bbdark\u00a0\u00bb title=\u00a0\u00bbMes dipl\u00f4mes\u00a0\u00bb color=\u00a0\u00bb#ffffff\u00a0\u00bb][vc_empty_space height=\u00a0\u00bb2.15rem\u00a0\u00bb alter_height=\u00a0\u00bbnone\u00a0\u00bb hide_on_desktop=\u00a0\u00bb\u00a0\u00bb hide_on_notebook=\u00a0\u00bb\u00a0\u00bb hide_on_tablet=\u00a0\u00bb\u00a0\u00bb hide_on_mobile=\u00a0\u00bb\u00a0\u00bb][trx_widget_slider engine=\u00a0\u00bbswiper\u00a0\u00bb noresize=\u00a0\u00bb\u00a0\u00bb slides_ratio=\u00a0\u00bb165:119&Prime; effect=\u00a0\u00bbslide\u00a0\u00bb direction=\u00a0\u00bbhorizontal\u00a0\u00bb slides_per_view=\u00a0\u00bb3&Prime; slides_space=\u00a0\u00bb30&Prime; controls=\u00a0\u00bb\u00a0\u00bb pagination=\u00a0\u00bb1&Prime; pagination_type=\u00a0\u00bbbullets\u00a0\u00bb pagination_pos=\u00a0\u00bbbottom_outside\u00a0\u00bb titles=\u00a0\u00bbcenter\u00a0\u00bb large=\u00a0\u00bb\u00a0\u00bb category=\u00a0\u00bb0&Prime; posts=\u00a0\u00bb3&Prime; slides=\u00a0\u00bb%5B%7B%7D%5D\u00a0\u00bb][trx_slide image=\u00a0\u00bb2253&Prime;][\/trx_slide][trx_slide image=\u00a0\u00bb2254&Prime;][\/trx_slide][trx_slide image=\u00a0\u00bb2255&Prime;][\/trx_slide][trx_slide image=\u00a0\u00bb2256&Prime;][\/trx_slide][trx_slide image=\u00a0\u00bb2257&Prime;][\/trx_slide][\/trx_widget_slider][vc_empty_space height=\u00a0\u00bb3.2rem\u00a0\u00bb alter_height=\u00a0\u00bbnone\u00a0\u00bb hide_on_desktop=\u00a0\u00bb\u00a0\u00bb hide_on_notebook=\u00a0\u00bb\u00a0\u00bb hide_on_tablet=\u00a0\u00bb\u00a0\u00bb hide_on_mobile=\u00a0\u00bb\u00a0\u00bb][vc_empty_space height=\u00a0\u00bb4.2rem\u00a0\u00bb alter_height=\u00a0\u00bbnone\u00a0\u00bb hide_on_desktop=\u00a0\u00bb\u00a0\u00bb hide_on_notebook=\u00a0\u00bb\u00a0\u00bb hide_on_tablet=\u00a0\u00bb\u00a0\u00bb hide_on_mobile=\u00a0\u00bb\u00a0\u00bb]\n\t<\/div><\/div><div class=\"wpb_row vc_row-fluid  mk-fullwidth-false add-padding-0 attched-false\">\n\t<div style=\"\" class=\"vc_span12 wpb_column column_container \">\n\t\t\t[vc_empty_space height=\u00a0\u00bb3rem\u00a0\u00bb alter_height=\u00a0\u00bbnone\u00a0\u00bb hide_on_desktop=\u00a0\u00bb\u00a0\u00bb hide_on_notebook=\u00a0\u00bb\u00a0\u00bb hide_on_tablet=\u00a0\u00bb\u00a0\u00bb hide_on_mobile=\u00a0\u00bb\u00a0\u00bb][vc_empty_space height=\u00a0\u00bb3.6rem\u00a0\u00bb alter_height=\u00a0\u00bbnone\u00a0\u00bb hide_on_desktop=\u00a0\u00bb\u00a0\u00bb hide_on_notebook=\u00a0\u00bb\u00a0\u00bb hide_on_tablet=\u00a0\u00bb\u00a0\u00bb hide_on_mobile=\u00a0\u00bb\u00a0\u00bb][trx_sc_title title_style=\u00a0\u00bbhuge\u00a0\u00bb title_align=\u00a0\u00bbcenter\u00a0\u00bb link_style=\u00a0\u00bbdefault\u00a0\u00bb title=\u00a0\u00bbathl\u00e8tes\u00a0\u00bb subtitle=\u00a0\u00bbqui me font confiance\u00a0\u00bb color=\u00a0\u00bb\u00a0\u00bb][vc_empty_space height=\u00a0\u00bb2.45rem\u00a0\u00bb alter_height=\u00a0\u00bbnone\u00a0\u00bb hide_on_desktop=\u00a0\u00bb\u00a0\u00bb hide_on_notebook=\u00a0\u00bb\u00a0\u00bb hide_on_tablet=\u00a0\u00bb\u00a0\u00bb hide_on_mobile=\u00a0\u00bb\u00a0\u00bb][trx_sc_team type=\u00a0\u00bbshort\u00a0\u00bb orderby=\u00a0\u00bbnone\u00a0\u00bb title_style=\u00a0\u00bbdefault\u00a0\u00bb link_style=\u00a0\u00bbdefault\u00a0\u00bb columns=\u00a0\u00bb3&Prime; count=\u00a0\u00bb30&Prime;][vc_empty_space height=\u00a0\u00bb3rem\u00a0\u00bb alter_height=\u00a0\u00bbnone\u00a0\u00bb hide_on_desktop=\u00a0\u00bb\u00a0\u00bb hide_on_notebook=\u00a0\u00bb\u00a0\u00bb hide_on_tablet=\u00a0\u00bb\u00a0\u00bb hide_on_mobile=\u00a0\u00bb\u00a0\u00bb][vc_empty_space height=\u00a0\u00bb4.2rem\u00a0\u00bb alter_height=\u00a0\u00bbnone\u00a0\u00bb hide_on_desktop=\u00a0\u00bb\u00a0\u00bb hide_on_notebook=\u00a0\u00bb\u00a0\u00bb hide_on_tablet=\u00a0\u00bb\u00a0\u00bb hide_on_mobile=\u00a0\u00bb\u00a0\u00bb]\n\t<\/div><\/div><div class=\"wpb_row vc_row-fluid  mk-fullwidth-false add-padding-0 attched-false\">\n\t<div style=\"\" class=\"vc_span10 wpb_column column_container \">\n\t\t\t[vc_empty_space height=\u00a0\u00bb3rem\u00a0\u00bb alter_height=\u00a0\u00bbnone\u00a0\u00bb hide_on_desktop=\u00a0\u00bb\u00a0\u00bb hide_on_notebook=\u00a0\u00bb\u00a0\u00bb hide_on_tablet=\u00a0\u00bb\u00a0\u00bb hide_on_mobile=\u00a0\u00bb\u00a0\u00bb][vc_empty_space height=\u00a0\u00bb3.4rem\u00a0\u00bb alter_height=\u00a0\u00bbnone\u00a0\u00bb hide_on_desktop=\u00a0\u00bb\u00a0\u00bb hide_on_notebook=\u00a0\u00bb\u00a0\u00bb hide_on_tablet=\u00a0\u00bb\u00a0\u00bb hide_on_mobile=\u00a0\u00bb\u00a0\u00bb][trx_sc_title title_style=\u00a0\u00bbhuge\u00a0\u00bb title_align=\u00a0\u00bbcenter\u00a0\u00bb link_style=\u00a0\u00bbdefault\u00a0\u00bb title=\u00a0\u00bbje veux un coaching\u00a0\u00bb subtitle=\u00a0\u00bb\u00e9crivez-moi\u00a0\u00bb][vc_empty_space height=\u00a0\u00bb2.4rem\u00a0\u00bb alter_height=\u00a0\u00bbnone\u00a0\u00bb hide_on_desktop=\u00a0\u00bb\u00a0\u00bb hide_on_notebook=\u00a0\u00bb\u00a0\u00bb hide_on_tablet=\u00a0\u00bb\u00a0\u00bb hide_on_mobile=\u00a0\u00bb\u00a0\u00bb][contact-form-7 id=\u00a0\u00bb2649&Prime;][vc_empty_space height=\u00a0\u00bb3rem\u00a0\u00bb alter_height=\u00a0\u00bbnone\u00a0\u00bb hide_on_desktop=\u00a0\u00bb\u00a0\u00bb hide_on_notebook=\u00a0\u00bb\u00a0\u00bb hide_on_tablet=\u00a0\u00bb\u00a0\u00bb hide_on_mobile=\u00a0\u00bb\u00a0\u00bb][vc_empty_space height=\u00a0\u00bb4.2rem\u00a0\u00bb alter_height=\u00a0\u00bbnone\u00a0\u00bb hide_on_desktop=\u00a0\u00bb\u00a0\u00bb hide_on_notebook=\u00a0\u00bb\u00a0\u00bb hide_on_tablet=\u00a0\u00bb\u00a0\u00bb hide_on_mobile=\u00a0\u00bb\u00a0\u00bb]\n\t<\/div><\/div>\n","protected":false},"excerpt":{"rendered":"<p>[trx_sc_promo title_style=\u00a0\u00bbdefault\u00a0\u00bb link_style=\u00a0\u00bbdefault\u00a0\u00bb image_position=\u00a0\u00bbleft\u00a0\u00bb size=\u00a0\u00bbnormal\u00a0\u00bb full_height=\u00a0\u00bb1&Prime; text_paddings=\u00a0\u00bb1&Prime; image=\u00a0\u00bb2491&Prime;][vc_empty_space height=\u00a0\u00bb2rem\u00a0\u00bb alter_height=\u00a0\u00bbnone\u00a0\u00bb hide_on_desktop=\u00a0\u00bb\u00a0\u00bb hide_on_notebook=\u00a0\u00bb\u00a0\u00bb hide_on_tablet=\u00a0\u00bb\u00a0\u00bb hide_on_mobile=\u00a0\u00bb\u00a0\u00bb] [trx_sc_title title_style=\u00a0\u00bbhuge\u00a0\u00bb title_align=\u00a0\u00bbcenter\u00a0\u00bb link_style=\u00a0\u00bbdefault\u00a0\u00bb shadow_bg_text=\u00a0\u00bbcoach\u00a0\u00bb shadow_bg_text_size=\u00a0\u00bbbig\u00a0\u00bb title=\u00a0\u00bbL&rsquo;\u00e9ducateur sportif Coach&rsquo;inside\u00a0\u00bb subtitle=\u00a0\u00bbFaites de l&rsquo;exercice plus intelligemment\u00a0\u00bb description=\u00a0\u00bbDEWET ALEXIS, [&#8230;]<\/p>\n","protected":false},"author":1,"featured_media":0,"parent":0,"menu_order":0,"comment_status":"open","ping_status":"open","template":"","meta":[],"_links":{"self":[{"href":"https:\/\/www.artemis-events.fr\/index.php?rest_route=\/wp\/v2\/pages\/1467"}],"collection":[{"href":"https:\/\/www.artemis-events.fr\/index.php?rest_route=\/wp\/v2\/pages"}],"about":[{"href":"https:\/\/www.artemis-events.fr\/index.php?rest_route=\/wp\/v2\/types\/page"}],"author":[{"embeddable":true,"href":"https:\/\/www.artemis-events.fr\/index.php?rest_route=\/wp\/v2\/users\/1"}],"replies":[{"embeddable":true,"href":"https:\/\/www.artemis-events.fr\/index.php?rest_route=%2Fwp%2Fv2%2Fcomments&post=1467"}],"version-history":[{"count":1,"href":"https:\/\/www.artemis-events.fr\/index.php?rest_route=\/wp\/v2\/pages\/1467\/revisions"}],"predecessor-version":[{"id":1468,"href":"https:\/\/www.artemis-events.fr\/index.php?rest_route=\/wp\/v2\/pages\/1467\/revisions\/1468"}],"wp:attachment":[{"href":"https:\/\/www.artemis-events.fr\/index.php?rest_route=%2Fwp%2Fv2%2Fmedia&parent=1467"}],"curies":[{"name":"wp","href":"https:\/\/api.w.org\/{rel}","templated":true}]}}