{"id":242,"date":"2014-06-04T23:05:36","date_gmt":"2014-06-04T22:05:36","guid":{"rendered":"http:\/\/localhost:8888\/?page_id=242"},"modified":"2019-09-16T15:41:37","modified_gmt":"2019-09-16T14:41:37","slug":"contact","status":"publish","type":"page","link":"https:\/\/www.artemis-events.fr\/?page_id=242","title":{"rendered":"Contact"},"content":{"rendered":"<\/div><\/div><div class=\"wpb_row vc_row-fluid  mk-fullwidth-true add-padding-0 attched-false\">\n\t<div style=\"\" class=\"vc_span12 wpb_column column_container \">\n\t\t\t<header data-sticky-height=\"91\" class=\"mk-secondary-header sticky-trigger-header  \"><div class=\"mk-grid\"><nav id=\"mk-main-navigation\"><ul id=\"menu-artemis_menu\" class=\"main-navigation-ul\"><li class=\"responsive-nav-link\"><i class=\"mk-theme-icon-responsive\"><\/i><\/li><li class=\"mk-header-logo mobile-menu-exists\"><a href=\"https:\/\/www.artemis-events.fr\/\" title=\"Art\u00e9mis Events | Cr\u00e9ateur de vos \u00e9v\u00e9nements\"><img alt=\"Art\u00e9mis Events | Cr\u00e9ateur de vos \u00e9v\u00e9nements\" class=\"mk-dark-logo\" src=\"http:\/\/www.artemis-events.fr\/wp-content\/uploads\/2014\/05\/Logo_Retina_Artemis_Events.png\" data-retina-src=\"http:\/\/www.artemis-events.fr\/wp-content\/uploads\/2014\/05\/Logo_Retina_Artemis_Events.png\" \/><img alt=\"Art\u00e9mis Events | Cr\u00e9ateur de vos \u00e9v\u00e9nements\" class=\"mk-mobile-logo\" src=\"http:\/\/www.artemis-events.fr\/wp-content\/uploads\/2014\/05\/Logo_Retina_Artemis_Events.png\" data-retina-src=\"http:\/\/www.artemis-events.fr\/wp-content\/uploads\/2014\/05\/Logo_Retina_Artemis_Events.png\" \/><img alt=\"Art\u00e9mis Events | Cr\u00e9ateur de vos \u00e9v\u00e9nements\" class=\"mk-light-logo\" src=\"http:\/\/www.artemis-events.fr\/wp-content\/uploads\/2014\/09\/Logo_Retina_Artemis_Events_light.png\" data-retina-src=\"\" \/><\/a><\/li><li id=\"menu-item-16\" class=\"menu-item menu-item-type-post_type menu-item-object-page menu-item-home\"><a href=\"https:\/\/www.artemis-events.fr\/\">Home<\/a><\/li>\n<li id=\"menu-item-116\" class=\"menu-item menu-item-type-post_type menu-item-object-page menu-item-has-children\"><a href=\"https:\/\/www.artemis-events.fr\/?page_id=92\">Produits<\/a>\n<ul class=\"sub-menu \">\n\t<li id=\"menu-item-151\" class=\"menu-item menu-item-type-post_type menu-item-object-page\"><a href=\"https:\/\/www.artemis-events.fr\/?page_id=140\"><i class=\"mk-theme-icon-next-big\"><\/i>B TO B<\/a><\/li>\n\t<li id=\"menu-item-152\" class=\"menu-item menu-item-type-post_type menu-item-object-page\"><a href=\"https:\/\/www.artemis-events.fr\/?page_id=134\"><i class=\"mk-theme-icon-next-big\"><\/i>B to C<\/a><\/li>\n<\/ul>\n<\/li>\n<li id=\"menu-item-173\" class=\"menu-item menu-item-type-post_type menu-item-object-page\"><a href=\"https:\/\/www.artemis-events.fr\/?page_id=156\">Agence<\/a><\/li>\n<li id=\"menu-item-234\" class=\"menu-item menu-item-type-post_type menu-item-object-page\"><a href=\"https:\/\/www.artemis-events.fr\/?page_id=230\">Portfolio<\/a><\/li>\n<li id=\"menu-item-269\" class=\"menu-item menu-item-type-post_type menu-item-object-page\"><a href=\"https:\/\/www.artemis-events.fr\/?page_id=265\">Nos clients<\/a><\/li>\n<li id=\"menu-item-253\" class=\"menu-item menu-item-type-post_type menu-item-object-page\"><a href=\"https:\/\/www.artemis-events.fr\/?page_id=242\">Contact<\/a><\/li>\n<li class=\"dashboard-trigger res-mode\"><i class=\"mk-theme-icon-dashboard\"><\/i><\/li><li class=\"mk-header-search\">\n\t\t\t<a class=\"header-search-icon\" href=\"#\"><i class=\"mk-icon-search\"><\/i><\/a>\n\t\t<\/li><\/ul><\/nav><form method=\"get\" class=\"header-searchform-input\" action=\"https:\/\/www.artemis-events.fr\">\n            <input class=\"search-ajax-input\" type=\"text\" value=\"\" name=\"s\" id=\"s\" \/>\n            <input value=\"\" type=\"submit\" \/>\n            <a href=\"#\" class=\"header-search-close\"><i class=\"mk-theme-icon-cancel\"><\/i><\/a>\n   \t\t <\/form><\/div><div class=\"dashboard-trigger desktop-mode\"><i class=\"mk-theme-icon-dashboard\"><\/i><\/div><\/header><div style=\"height:91.666666666667px;\" class=\"secondary-header-space\"><\/div><div class=\"responsive-nav-container\"><\/div>\n\t<\/div><\/div><div class=\"theme-page-wrapper full-layout mk-grid vc_row-fluid no-padding\"><div class=\"theme-content no-padding\"><div class=\"clearboth\"><\/div><\/div><\/div><div class=\"page-section-7195 fullwidth-true full-height-false  mk-video-holder mk-page-section parallax-false  \" data-direction=\"vertical\"><div class=\"mk-section-color-mask\"><\/div><div class=\"mk-padding-wrapper\">\n\t<div style=\"\" class=\"vc_span12 wpb_column column_container \">\n\t\t\t\n\t<\/div><\/div><div class=\"clearboth\"><\/div><div class=\"clearboth\"><\/div><\/div>\n<style type=\"text\/css\">\n.page-section-7195\n{\n    padding:0px 0;\n    \n    background-attachment:scroll;\n    \n    background-position:left top;\n    background-repeat:repeat;\n    \n}\n.page-section-7195 .alt-title span\n{\n\t\n}\n<\/style><div class=\"theme-page-wrapper full-layout mk-grid vc_row-fluid no-padding\"><div class=\"theme-content no-padding\"><div class=\"wpb_row vc_row-fluid  mk-fullwidth-false add-padding-0 attched-false\">\n\t<div style=\"\" class=\"vc_span12 wpb_column column_container \">\n\t\t\t<div class=\"clearboth\"><\/div><div class=\"mk-shortcode mk-padding-shortcode\" style=\"height:40px\"><\/div><div class=\"clearboth\"><\/div>\n\t<\/div><\/div><div class=\"clearboth\"><\/div><\/div><\/div><div class=\"page-section-9333 fullwidth-false full-height-false  mk-video-holder mk-page-section parallax-false  \" data-direction=\"false\"><div class=\"mk-section-color-mask\"><\/div><div class=\"mk-grid vc_row-fluid page-section-content\"><div class=\"mk-padding-wrapper\">\n\t<div style=\"\" class=\"vc_span6 wpb_column column_container \">\n\t\t\t<div class=\"widget_contact_info mk-contactinfo-shortcode dark-skin \"><ul><li class=\"mk-animate-element forthy-five-rotate\" ><i class=\"mk-theme-icon-user\"><\/i><span itemprop=\"name\">Art\u00e9mis Events<\/span><\/li><li class=\"mk-animate-element forthy-five-rotate\" ><i class=\"mk-theme-icon-office\"><\/i><span itemprop=\"address\" itemscope=\"\" itemtype=\"http:\/\/schema.org\/PostalAddress\">58 Chemin du Murger \u00e0 Jamais, 91620 LA VILLE DU BOIS \u2013 FRANCE<\/span><\/li><li class=\"mk-animate-element forthy-five-rotate\" ><i class=\"mk-icon-globe\"><\/i><span>WWW.ARTEMIS-EVENTS.COM<\/span><\/li><li class=\"mk-animate-element forthy-five-rotate\" ><i class=\"mk-theme-icon-email\"><\/i><span itemprop=\"email\">CONTACT@ARTEMIS-EVENTS.COM<\/span><\/li><\/ul><\/div><div class=\" \"><div id=\"social-networks-116\" class=\"mk-social-network social-align-left \"><ul><li class=\"mk-animate-element right-to-left\" ><a style=\"margin: 12px;\" target=\"_blank\" class=\"facebook-hover dark\" href=\"https:\/\/www.facebook.com\/artemisevents\/\"><i class=\"mk-icon-facebook\"><\/i><\/a><\/li><li class=\"mk-animate-element right-to-left\" ><a style=\"margin: 12px;\" target=\"_blank\" class=\"instagram-hover dark\" href=\"https:\/\/www.instagram.com\/artemis_events\/\"><i class=\"mk-icon-instagram\"><\/i><\/a><\/li><\/ul><\/div><\/div>\n\t<\/div>\n\t<div style=\"\" class=\"vc_span6 wpb_column column_container \">\n\t\t\t<div class=\"mk-contact-form-wrapper dark-skin \">\n    <form class=\"mk-contact-form\" method=\"post\" novalidate=\"novalidate\">\n        <div class=\"mk-form-row\"><i class=\"mk-icon-user\"><\/i><input placeholder=\"FULL NAME\" type=\"text\" required=\"required\" name=\"contact_name\" class=\"text-input\" value=\"\" tabindex=\"716\" \/><\/div>\n        <div class=\"mk-form-row\"><i class=\"mk-icon-envelope-o\"><\/i><input placeholder=\"EMAIL\" type=\"email\" required=\"required\" name=\"contact_email\" class=\"text-input\" value=\"\" tabindex=\"717\" \/><\/div>\n        <textarea required=\"required\" placeholder=\"SHORT MESSAGE\" name=\"contact_content\" class=\"mk-textarea\" tabindex=\"718\"><\/textarea>\n        <div class=\"button-row\"><button tabindex=\"719\" class=\"mk-button outline-button medium\">SUBMIT<\/button><\/div>\n        <i class=\"mk-contact-loading mk-icon-refresh\"><\/i>\n        <i class=\"mk-contact-success mk-theme-icon-tick\"><\/i>\n        <input type=\"hidden\" value=\"&#99;on&#116;ac&#116;&#64;&#97;r&#116;&#101;m&#105;&#115;-eve&#110;t&#115;.co&#109;\" name=\"contact_to\"\/>\n    <\/form>\n    <div class=\"clearboth\"><\/div>\n\n<\/div>\n\t<\/div><\/div><div class=\"clearboth\"><\/div><\/div><div class=\"clearboth\"><\/div><\/div>\n<style type=\"text\/css\">\n.page-section-9333\n{\n    padding:10px 0;\n    \n    background-attachment:;\n    \n    background-position:left top;\n    background-repeat:repeat;\n    \n}\n.page-section-9333 .alt-title span\n{\n\t\n}\n<\/style><div class=\"theme-page-wrapper full-layout mk-grid vc_row-fluid no-padding\"><div class=\"theme-content no-padding\"><div class=\"wpb_row vc_row-fluid  mk-fullwidth-false add-padding-0 attched-false\">\n\t<div style=\"\" class=\"vc_span12 wpb_column column_container \">\n\t\t\t<div class=\"clearboth\"><\/div><div class=\"mk-shortcode mk-padding-shortcode\" style=\"height:70px\"><\/div><div class=\"clearboth\"><\/div>\n\t<\/div><\/div>\n","protected":false},"excerpt":{"rendered":"<p>Home Produits B TO B B to C Agence Portfolio Nos clients Contact Art\u00e9mis Events58 Chemin du Murger \u00e0 Jamais, 91620 LA VILLE DU BOIS \u2013 FRANCEWWW.ARTEMIS-EVENTS.COMCONTACT@ARTEMIS-EVENTS.COM SUBMIT<\/p>\n","protected":false},"author":1,"featured_media":0,"parent":0,"menu_order":6,"comment_status":"open","ping_status":"open","template":"","meta":[],"_links":{"self":[{"href":"https:\/\/www.artemis-events.fr\/index.php?rest_route=\/wp\/v2\/pages\/242"}],"collection":[{"href":"https:\/\/www.artemis-events.fr\/index.php?rest_route=\/wp\/v2\/pages"}],"about":[{"href":"https:\/\/www.artemis-events.fr\/index.php?rest_route=\/wp\/v2\/types\/page"}],"author":[{"embeddable":true,"href":"https:\/\/www.artemis-events.fr\/index.php?rest_route=\/wp\/v2\/users\/1"}],"replies":[{"embeddable":true,"href":"https:\/\/www.artemis-events.fr\/index.php?rest_route=%2Fwp%2Fv2%2Fcomments&post=242"}],"version-history":[{"count":25,"href":"https:\/\/www.artemis-events.fr\/index.php?rest_route=\/wp\/v2\/pages\/242\/revisions"}],"predecessor-version":[{"id":1413,"href":"https:\/\/www.artemis-events.fr\/index.php?rest_route=\/wp\/v2\/pages\/242\/revisions\/1413"}],"wp:attachment":[{"href":"https:\/\/www.artemis-events.fr\/index.php?rest_route=%2Fwp%2Fv2%2Fmedia&parent=242"}],"curies":[{"name":"wp","href":"https:\/\/api.w.org\/{rel}","templated":true}]}}